{"id":9,"date":"2019-08-20T14:29:53","date_gmt":"2019-08-20T12:29:53","guid":{"rendered":"http:\/\/welten-institut.de\/de\/?page_id=9"},"modified":"2025-01-13T16:14:56","modified_gmt":"2025-01-13T15:14:56","slug":"vita","status":"publish","type":"page","link":"https:\/\/welten-institut.de\/fr\/vita\/","title":{"rendered":"Vita"},"content":{"rendered":"<ul>\n<li>1967 naissance \u00e0 Erfurt en Allemagne de l\u2019Est<\/li>\n<li>1989-1995 les \u00e9tudes de philosophie, psychanalyse et litt\u00e9rature \u00e0 l\u2019Universit\u00e9 de Goethe \u00e0 Francfort\/M.<\/li>\n<li>1990 les \u00e9tudes philosophiques chez Prof. Dr. Habermas, un des cr\u00e9ateurs importants de la Kritische Theorie<\/li>\n<li>1995 examen universitaire de la traduction du fran\u00e7ais en allemand (Lektorenpr\u00fcfung)<\/li>\n<li>1996 DEA avec la mention tr\u00e8s bien<\/li>\n<li>1996 d\u00e9m\u00e9nagement \u00e0 Paris<\/li>\n<li>1997-2000 bourse d\u2019\u00e9tudes pour la recherche scientifique dans les sciences sociales<\/li>\n<li>1997-2001 auditeur libre chez Derrida au Coll\u00e8ge de philosophie, chez Julia Kristeva \u00e0 l\u2019Universit\u00e9 de Paris VII et chez Luce Irigaray au E.H.S.S.<\/li>\n<li>1997 conf\u00e9rence franco-allemande sur G. Bataille \u00e0 l\u2019Institut Fran\u00e7ais \u00e0 Bremen<\/li>\n<li>1997 publication du livre \u00ab\u00a0Der Wahrheitsbegriff im Werke G. Batailles oder \u00fcber die Sucht, sich im Rausch zu verlieren\u00a0\u00bb, R.G.Fischer Edition<\/li>\n<li>1998 conf\u00e9rence sur L. Irigaray \u00e0 l\u2019Universit\u00e9 de Francfort\/M.<\/li>\n<li>1998 conf\u00e9rence sur M. Foucault \u00e0 l\u2019Universit\u00e9 de Bremen<\/li>\n<li>2000 conf\u00e9rence sur Blanchot et Bataille \u00e0 l\u2019Institut de Psychanalyse \u00e0 Francfort\/M.<\/li>\n<li>2004 d\u00e9m\u00e9nagement \u00e0 Berlin avec mon partenaire fran\u00e7ais<\/li>\n<li>2004-2005 traduction du livre \u00ab\u00a0La naissance impossible ou l\u2019enfant enclav\u00e9\u00a0\u00bb, Edition Imago<\/li>\n<li>2007 l\u2019ouverture de mon \u00ab\u00a0Atelier franco-allemand pour une vie cr\u00e9atrice\u00a0\u00bb (cours de la philosophie avec les enfants, psychologie et cr\u00e9ativit\u00e9 en allemand et en fran\u00e7ais)<\/li>\n<li>2008 s\u00e9minaire sur le philosophe M. Foucault \u00e0 l\u2019Institut Fran\u00e7ais \u00e0 Berlin\u00a0: \u00ab\u00a0Penser la vie avec M. Foucault\u00a0\u00bb<\/li>\n<li>2008 Formation en tant que Gu\u00e9risseuse professionnelle (membre du \u00ab DGH en Allemagne \u00bb)<\/li>\n<li>2008 Ouverture de mon cabinet: \u201cCabinet franco-allemand pour la psychoth\u00e9rapie\u201d \u00e0 Berlin-Kreuzberg, Aquariana<\/li>\n<li>2009 Publication du livre \u00ab \u00c0 la recherche de la vie \u2013 une autobiographie politique \u00bb chez l\u2019\u00e9dition agenda<\/li>\n<li>2010 Premier Prix dans la cat\u00e9gorie personnalit\u00e9 au concours national \u00ab\u00a0Was f\u00fcr ein Leben\u00a0\u00bb, initi\u00e9 de ZEIT-Magazin et de mus\u00e9e historique de Berlin<\/li>\n<li>2010 Pr\u00e9sentation du film documentaire \u201eErzogen zum Widerstand. Das Leben der Clara Welten\u201c dans le mus\u00e9e historique de Berlin<\/li>\n<li>2010 conf\u00e9renci\u00e8re sur la r\u00e9sistance politique dans la RDA ; organis\u00e9 \u00e0 Erfurt de Friedrich-Ebert-Stiftung<\/li>\n<li>2011 formation et dipl\u00f4me de psychoth\u00e9rapie pour pouvoir travailler en tant que psychoth\u00e9rapeute<\/li>\n<li>2011 l\u2019invitation de la ville de Gen\u00e8ve pour faire une intervention dans la conf\u00e9rence \u00ab\u00a0Et si on jouait \u00e0 rien\u00a0\u00bb, organis\u00e9e de la service de la petite enfance dans le \u00ab\u00a0th\u00e9\u00e2tre de l\u2019espoir\u00a0\u00bb<\/li>\n<li>2011 professeur \u00e0 l\u2019universit\u00e9 de G\u00e9n\u00e8ve \u00e0 la \u201cHaute ecole des sciences sociales\u201d, r\u00e9guli\u00e8rement depuis 2011<\/li>\n<li>2012 formatrice des th\u00e9rapeutes dans le cadre d\u2019une formation continue<\/li>\n<li>2014 conf\u00e9renci\u00e8re sur la r\u00e9sistance politique dans la RDA ; organis\u00e9 \u00e0 Berlin de Friedrich-Ebert-Stiftung<\/li>\n<li>2016 cr\u00e9ation de l\u2019\u00e9dition franco-allemand: \u00e9dition Welten<\/li>\n<li>2016 publication du livre: \u201cLa gu\u00e9risson de l\u2019ame \u2013 de la psychanalyse \u00e0 la spiritualit\u00e9\u201d<\/li>\n<li>2019 publication du livre: \u201cLa digitalisation de nos enfants\u201d, \u00e9dition Welten, Berlin<\/li>\n<li>2020 publication du livre: <a href=\"https:\/\/www.fabelhaftewelten.com\/\" target=\"_blank\" rel=\"noopener\">\u00ab\u00a0Fabelhafte Welten &#8212; Fabeln f\u00fcr gro\u00dfe und kleine Menschen aus \u00dcberall\u00a0\u00bb<\/a>, \u00e9dition Welten, Berlin<\/li>\n<\/ul>\n<p>&nbsp;<\/p>\n","protected":false},"excerpt":{"rendered":"<p>1967 naissance \u00e0 Erfurt en Allemagne de l\u2019Est 1989-1995 les \u00e9tudes de philosophie, psychanalyse et litt\u00e9rature \u00e0 l\u2019Universit\u00e9 de Goethe \u00e0 Francfort\/M. 1990 les \u00e9tudes philosophiques chez Prof. Dr. Habermas, un des cr\u00e9ateurs importants de la Kritische Theorie 1995 examen universitaire de la traduction du fran\u00e7ais en allemand (Lektorenpr\u00fcfung) 1996 DEA avec la mention tr\u00e8s &hellip; <a href=\"https:\/\/welten-institut.de\/fr\/vita\/\" class=\"more-link\">Continuer la lecture de <span class=\"screen-reader-text\">Vita<\/span><\/a><\/p>\n","protected":false},"author":2,"featured_media":2352,"parent":0,"menu_order":0,"comment_status":"closed","ping_status":"closed","template":"","meta":{"inline_featured_image":false,"footnotes":""},"class_list":["post-9","page","type-page","status-publish","has-post-thumbnail","hentry"],"_links":{"self":[{"href":"https:\/\/welten-institut.de\/fr\/wp-json\/wp\/v2\/pages\/9","targetHints":{"allow":["GET"]}}],"collection":[{"href":"https:\/\/welten-institut.de\/fr\/wp-json\/wp\/v2\/pages"}],"about":[{"href":"https:\/\/welten-institut.de\/fr\/wp-json\/wp\/v2\/types\/page"}],"author":[{"embeddable":true,"href":"https:\/\/welten-institut.de\/fr\/wp-json\/wp\/v2\/users\/2"}],"replies":[{"embeddable":true,"href":"https:\/\/welten-institut.de\/fr\/wp-json\/wp\/v2\/comments?post=9"}],"version-history":[{"count":23,"href":"https:\/\/welten-institut.de\/fr\/wp-json\/wp\/v2\/pages\/9\/revisions"}],"predecessor-version":[{"id":486,"href":"https:\/\/welten-institut.de\/fr\/wp-json\/wp\/v2\/pages\/9\/revisions\/486"}],"wp:featuredmedia":[{"embeddable":true,"href":"https:\/\/welten-institut.de\/fr\/wp-json\/wp\/v2\/media\/2352"}],"wp:attachment":[{"href":"https:\/\/welten-institut.de\/fr\/wp-json\/wp\/v2\/media?parent=9"}],"curies":[{"name":"wp","href":"https:\/\/api.w.org\/{rel}","templated":true}]}}