{"id":69,"date":"2019-08-20T14:40:03","date_gmt":"2019-08-20T12:40:03","guid":{"rendered":"http:\/\/welten-institut.de\/de\/?page_id=69"},"modified":"2025-01-17T15:54:47","modified_gmt":"2025-01-17T14:54:47","slug":"gefluechteten","status":"publish","type":"page","link":"https:\/\/welten-institut.de\/fr\/gefluechteten\/","title":{"rendered":"Mon travail avec les victimes de la violence globale"},"content":{"rendered":"<p>Mon travail est soutenu par le UOKG &#8211; de \u00ab\u00a0l&rsquo;Union des associations de victimes de communiste tyrannie\u00a0\u00bb et des associations de r\u00e9fugi\u00e9s, comme le \u00ab\u00a0centre de contact et de conseil pour les r\u00e9fugi\u00e9s et les migrants\u00a0\u00bb. En particulier, ce sont les demandeurs francophones d&rsquo;Afrique qui me trouvent dans mon cabinet franco-allemand. N&rsquo;h\u00e9sitez-pas de me contacter !<\/p>\n<p>J&rsquo;ai grandi en Allemagne de l&rsquo;Est et je suis n\u00e9e dans une famille oppos\u00e9e au r\u00e9gime. Mon enfance \u00e9tait infiltr\u00e9 de la politique. Mon \u00e9ducation n&rsquo; \u00e9tait pas seulement p\u00e9dagogique mais surtout politique. Pour nous c&rsquo;\u00e9tait normale que certains amis \u00e9taient tortur\u00e9s ou ils ne sortaitent plus des prisons &#8230;<\/p>\n<p>Je constate que les traumatismes graves infectent le syst\u00e8me corporel m\u00eame si le traumatisme avait eu lieu il ya 30 ans. Notre \u00e2me ne pense pas chronologique, elle ressent \u00ab\u00a0situative\u00a0\u00bb et elle reconna\u00eet les \u00e9motions par les d\u00e9clencheurs dans la vie quotidienne&#8230; En g\u00e9n\u00e9rale, je travaille avec des victimes da la torture ou de la violence globale: des r\u00e9fugi\u00e9s.<\/p>\n","protected":false},"excerpt":{"rendered":"<p>Mon travail est soutenu par le UOKG &#8211; de \u00ab\u00a0l&rsquo;Union des associations de victimes de communiste tyrannie\u00a0\u00bb et des associations de r\u00e9fugi\u00e9s, comme le \u00ab\u00a0centre de contact et de conseil pour les r\u00e9fugi\u00e9s et les migrants\u00a0\u00bb. En particulier, ce sont les demandeurs francophones d&rsquo;Afrique qui me trouvent dans mon cabinet franco-allemand. N&rsquo;h\u00e9sitez-pas de me contacter &hellip; <a href=\"https:\/\/welten-institut.de\/fr\/gefluechteten\/\" class=\"more-link\">Continuer la lecture de <span class=\"screen-reader-text\">Mon travail avec les victimes de la violence globale<\/span><\/a><\/p>\n","protected":false},"author":2,"featured_media":0,"parent":0,"menu_order":0,"comment_status":"closed","ping_status":"closed","template":"","meta":{"inline_featured_image":false,"footnotes":""},"class_list":["post-69","page","type-page","status-publish","hentry"],"_links":{"self":[{"href":"https:\/\/welten-institut.de\/fr\/wp-json\/wp\/v2\/pages\/69","targetHints":{"allow":["GET"]}}],"collection":[{"href":"https:\/\/welten-institut.de\/fr\/wp-json\/wp\/v2\/pages"}],"about":[{"href":"https:\/\/welten-institut.de\/fr\/wp-json\/wp\/v2\/types\/page"}],"author":[{"embeddable":true,"href":"https:\/\/welten-institut.de\/fr\/wp-json\/wp\/v2\/users\/2"}],"replies":[{"embeddable":true,"href":"https:\/\/welten-institut.de\/fr\/wp-json\/wp\/v2\/comments?post=69"}],"version-history":[{"count":24,"href":"https:\/\/welten-institut.de\/fr\/wp-json\/wp\/v2\/pages\/69\/revisions"}],"predecessor-version":[{"id":2408,"href":"https:\/\/welten-institut.de\/fr\/wp-json\/wp\/v2\/pages\/69\/revisions\/2408"}],"wp:attachment":[{"href":"https:\/\/welten-institut.de\/fr\/wp-json\/wp\/v2\/media?parent=69"}],"curies":[{"name":"wp","href":"https:\/\/api.w.org\/{rel}","templated":true}]}}