{"id":65,"date":"2019-08-20T14:38:38","date_gmt":"2019-08-20T12:38:38","guid":{"rendered":"http:\/\/welten-institut.de\/de\/?page_id=65"},"modified":"2022-01-03T20:32:33","modified_gmt":"2022-01-03T19:32:33","slug":"datenschutz","status":"publish","type":"page","link":"https:\/\/welten-institut.de\/fr\/datenschutz\/","title":{"rendered":"D\u00e9claration de protection des donn\u00e9es"},"content":{"rendered":"<p>Cette page d&rsquo;accueil sert \u00e0 fournir des informations sur ma pratique, mon \u00e9ventail de traitements et les possibilit\u00e9s th\u00e9rapeutiques et diagnostiques pour diverses pr\u00e9occupations. En outre, je fournis des informations sur ma maison d&rsquo;\u00e9dition franco-allemande \u00ab\u00a0\u00e9dition Welten\u00a0\u00bb. Lorsque vous visitez ma page d&rsquo;accueil, seules les donn\u00e9es transmises par votre navigateur au serveur sont collect\u00e9es.<\/p>\n<p><strong>Fichiers journaux du serveur<\/strong><br \/>\nL&rsquo;h\u00e9bergeur \u00ab\u00a0ALL-INKL.COM &#8211; Neue Medien M\u00fcnnich\u00a0\u00bb, que j&rsquo;ai command\u00e9, poss\u00e8de plusieurs de ses propres centres informatiques. Celles-ci sont situ\u00e9es \u00e0 Dresde. Toutes les donn\u00e9es sont donc stock\u00e9es exclusivement sur des serveurs en Allemagne et sont donc \u00e9galement soumises aux lois allemandes sur la protection des donn\u00e9es.<\/p>\n<p>J&rsquo;ai conclu un contrat avec ce fournisseur d&rsquo;h\u00e9bergement pour le traitement des commandes qui r\u00e9pond aux exigences du \u00a7 11 BDSG. Pour des raisons techniques et juridiques, mon h\u00e9bergeur stocke les donn\u00e9es suivantes dans des fichiers journaux du serveur, qui sont transmis par votre navigateur :<\/p>\n<p><strong>Type de navigateur et version utilis\u00e9e<\/strong><br \/>\nLe syst\u00e8me d&rsquo;exploitation de l&rsquo;utilisateur<br \/>\nLe fournisseur d&rsquo;acc\u00e8s Internet de l&rsquo;utilisateur<br \/>\nL&rsquo;adresse IP de l&rsquo;utilisateur<br \/>\nDate et heure de l&rsquo;acc\u00e8s<br \/>\nSites Web \u00e0 partir desquels le syst\u00e8me de l&rsquo;utilisateur acc\u00e8de \u00e0 notre site Web<br \/>\nSites Web accessibles par le syst\u00e8me de l&rsquo;utilisateur par l&rsquo;interm\u00e9diaire de notre site Web<br \/>\nCes donn\u00e9es sont effac\u00e9es apr\u00e8s sept jours. Ces donn\u00e9es ne seront pas fusionn\u00e9es avec d&rsquo;autres sources de donn\u00e9es. Vous avez le droit de vous adresser au d\u00e9l\u00e9gu\u00e9 \u00e0 la protection des donn\u00e9es et \u00e0 la s\u00e9curit\u00e9 de l&rsquo;information du Berlin dont vous d\u00e9pendez.<\/p>\n<p><strong>Vos droits<\/strong><br \/>\nDroits d&rsquo;acc\u00e8s, de suppression, de verrouillage et de rectification<br \/>\nEn ce qui concerne les donn\u00e9es stock\u00e9es avec moi sur vous les droits suivants :<\/p>\n<ul>\n<li>Droit de rectification et de suppression<\/li>\n<li>Droit \u00e0 la transf\u00e9rabilit\u00e9 des donn\u00e9es<\/li>\n<li>Droit \u00e0 la limitation du traitement<\/li>\n<li>Droit d&rsquo;acc\u00e8s<\/li>\n<li>Droit de s&rsquo;opposer au traitement<\/li>\n<\/ul>\n<p>Vous recevrez \u00e0 tout moment et gratuitement des informations sur les donn\u00e9es personnelles que nous enregistrons sur votre personne ainsi que sur l&rsquo;origine, le destinataire et le but de la collecte et du traitement des donn\u00e9es. En outre, vous avez le droit de demander la rectification, le blocage ou la suppression de vos donn\u00e9es.<\/p>\n<p>Sont exclues de ce champ les donn\u00e9es qui doivent \u00eatre conserv\u00e9es en raison des dispositions l\u00e9gales. Pour qu&rsquo;un bloc de donn\u00e9es puisse \u00eatre impl\u00e9ment\u00e9 \u00e0 tout moment, les donn\u00e9es sont stock\u00e9es dans un fichier de bloc interne \u00e0 des fins de contr\u00f4le. Si les donn\u00e9es ne sont pas couvertes par une obligation l\u00e9gale d&rsquo;archivage, nous supprimerons vos donn\u00e9es \u00e0 votre demande. Si l&rsquo;obligation d&rsquo;archivage s&rsquo;applique, nous bloquons vos donn\u00e9es. Pour toute question ou pr\u00e9occupation concernant la correction, le blocage ou la suppression de donn\u00e9es personnelles, veuillez vous adresser aux personnes de contact mentionn\u00e9es ci-dessus dans la pr\u00e9sente d\u00e9claration de protection des donn\u00e9es.<\/p>\n<p><strong>Droit de r\u00e9clamation<\/strong><br \/>\nSi vous supposez que nous avons viol\u00e9 la loi sur la protection des donn\u00e9es lors du traitement de vos donn\u00e9es personnelles, vous pouvez \u00e0 tout moment vous plaindre \u00e0 une autorit\u00e9 de contr\u00f4le comp\u00e9tente. L&rsquo;autorit\u00e9 de contr\u00f4le comp\u00e9tente d\u00e9pend, entre autres, de la localisation de l&rsquo;infraction pr\u00e9sum\u00e9e. Dans notre cas, il s&rsquo;agirait du commissaire de Berlin charg\u00e9 de la protection des donn\u00e9es et de la libert\u00e9 d&rsquo;information. Une telle plainte n&rsquo;entra\u00eenera aucun d\u00e9savantage juridique pour vous.<\/p>\n<p>Si vous travaillez ou r\u00e9sidez de mani\u00e8re permanente dans un pays de l&rsquo;UE autre que l&rsquo;Allemagne, vous pouvez \u00e9galement d\u00e9poser une plainte aupr\u00e8s de l&rsquo;autorit\u00e9 de surveillance qui est comp\u00e9tente pour vous.<\/p>\n<p><strong>Cookie<\/strong><br \/>\nLes cookies sont des fichiers de texte qui sont stock\u00e9s sur l&rsquo;ordinateur du visiteur. Vous pouvez d\u00e9sactiver ou limiter la transmission de cookies en modifiant les param\u00e8tres de votre navigateur Internet. Les cookies qui ont d\u00e9j\u00e0 \u00e9t\u00e9 enregistr\u00e9s peuvent \u00eatre effac\u00e9s \u00e0 tout moment.<\/p>\n<p>Dans le pied de ma page, vous pouvez choisir entre les langues allemand et fran\u00e7ais. J&rsquo;utilise un cookie pour que lorsque vous visitez \u00e0 nouveau mon site Web, le contenu s&rsquo;affiche dans la langue que vous avez choisie. La base juridique est une pond\u00e9ration des int\u00e9r\u00eats au sens de l&rsquo;art. 6 al. 1 lit. f DSGVO.<\/p>\n<p><strong>Contact par e-mail<\/strong><br \/>\nSi vous me contactez par e-mail, les informations que vous me fournissez volontairement pour le traitement de votre demande et son traitement seront stock\u00e9es par moi. Ces donn\u00e9es ne seront pas transmises sans votre consentement explicite. La base juridique est l&rsquo;art. 6, al. 1, let. b, let. b, f de la DSGVO.<\/p>\n<p>S&rsquo;il n&rsquo;y a pas de d\u00e9lai de conservation l\u00e9gal, je supprimerai les donn\u00e9es personnelles qui m&rsquo;ont \u00e9t\u00e9 transmises d\u00e8s que vous me demanderez de le faire, que le but de la conservation ne s&rsquo;applique plus ou que le d\u00e9lai de conservation l\u00e9gal prend fin.<\/p>\n<p>Je tiens \u00e0 pr\u00e9ciser que la communication par courrier \u00e9lectronique n&rsquo;est pas crypt\u00e9e. Les experts en informatique vous rappellent souvent le principe selon lequel ce que vous n&rsquo;enverriez pas sous forme de carte postale ne devrait pas non plus \u00eatre envoy\u00e9 par e-mail. Par cons\u00e9quent, veuillez ne pas nous envoyer d&rsquo;informations confidentielles.<\/p>\n","protected":false},"excerpt":{"rendered":"<p>Cette page d&rsquo;accueil sert \u00e0 fournir des informations sur ma pratique, mon \u00e9ventail de traitements et les possibilit\u00e9s th\u00e9rapeutiques et diagnostiques pour diverses pr\u00e9occupations. En outre, je fournis des informations sur ma maison d&rsquo;\u00e9dition franco-allemande \u00ab\u00a0\u00e9dition Welten\u00a0\u00bb. Lorsque vous visitez ma page d&rsquo;accueil, seules les donn\u00e9es transmises par votre navigateur au serveur sont collect\u00e9es. Fichiers &hellip; <a href=\"https:\/\/welten-institut.de\/fr\/datenschutz\/\" class=\"more-link\">Continuer la lecture de <span class=\"screen-reader-text\">D\u00e9claration de protection des donn\u00e9es<\/span><\/a><\/p>\n","protected":false},"author":2,"featured_media":0,"parent":0,"menu_order":0,"comment_status":"closed","ping_status":"closed","template":"","meta":{"inline_featured_image":false,"footnotes":""},"class_list":["post-65","page","type-page","status-publish","hentry"],"_links":{"self":[{"href":"https:\/\/welten-institut.de\/fr\/wp-json\/wp\/v2\/pages\/65","targetHints":{"allow":["GET"]}}],"collection":[{"href":"https:\/\/welten-institut.de\/fr\/wp-json\/wp\/v2\/pages"}],"about":[{"href":"https:\/\/welten-institut.de\/fr\/wp-json\/wp\/v2\/types\/page"}],"author":[{"embeddable":true,"href":"https:\/\/welten-institut.de\/fr\/wp-json\/wp\/v2\/users\/2"}],"replies":[{"embeddable":true,"href":"https:\/\/welten-institut.de\/fr\/wp-json\/wp\/v2\/comments?post=65"}],"version-history":[{"count":25,"href":"https:\/\/welten-institut.de\/fr\/wp-json\/wp\/v2\/pages\/65\/revisions"}],"predecessor-version":[{"id":1800,"href":"https:\/\/welten-institut.de\/fr\/wp-json\/wp\/v2\/pages\/65\/revisions\/1800"}],"wp:attachment":[{"href":"https:\/\/welten-institut.de\/fr\/wp-json\/wp\/v2\/media?parent=65"}],"curies":[{"name":"wp","href":"https:\/\/api.w.org\/{rel}","templated":true}]}}