{"id":616,"date":"2019-09-03T18:11:21","date_gmt":"2019-09-03T16:11:21","guid":{"rendered":"https:\/\/welten-institut.de\/?page_id=616"},"modified":"2019-09-26T17:40:56","modified_gmt":"2019-09-26T15:40:56","slug":"linitiation-spirituelle","status":"publish","type":"page","link":"https:\/\/welten-institut.de\/fr\/linitiation-spirituelle\/","title":{"rendered":"L&rsquo;initiation spirituelle pour les Teenies"},"content":{"rendered":"<p>Cet initiation s&rsquo;adresse \u00e0 nos jeunes qui entre dans la vie de la conscience &#8212; la conscience sur l&rsquo;existence de plusieurs r\u00e9alit\u00e9s qui se situent parallelement: la vie interne, donc psychique; la vie \u00e9xterne, donc la r\u00e9alit\u00e9 qui nous entourne et la vie d&rsquo;une monde spirituelle qui nous accompagne.<\/p>\n<figure id=\"attachment_576\" style=\"width: 222px\"  class=\"wp-caption alignleft\"><img loading=\"lazy\" decoding=\"async\" class=\" wp-image-576\" src=\"https:\/\/welten-institut.de\/wp-content\/uploads\/clara_01_01-1-250x300.jpg\" alt=\"\" width=\"222\" height=\"266\" \/><figcaption class=\"wp-caption-text\">Clara Welten<\/figcaption><\/figure>\n<p>J&rsquo;invite vos adolescents de traverser le pont entre les mondes dans toute s\u00e9curit\u00e9. Moi-m\u00eame, je <em>voyage<\/em> entre ces mondes paralleles depuis plus que 10 ans gr\u00e2ce \u00e0 mes formations diverses.<\/p>\n<p>La spiritualit\u00e9, en tant qu&rsquo;expression d&rsquo;une\u00a0aspiration\u00a0aussi ancienne que l&rsquo;humanit\u00e9, existait avant les institutions religieuses.<\/p>\n<p>Mon retour \u00e0 la spiritualit\u00e9 se caract\u00e9rise par un approfondissement du sentiment profond ou encore par le sentiment d&rsquo;une qu\u00eate int\u00e9rieure, hors de toute structure id\u00e9ologeiquement constitu\u00e9e.<\/p>\n<p>Le voyage serait initi\u00e9 par la musique. Il donne concr\u00e8tement la possibilit\u00e9 de faire la connaissance du royaume de ton propre \u00e2me.<\/p>\n","protected":false},"excerpt":{"rendered":"<p>Cet initiation s&rsquo;adresse \u00e0 nos jeunes qui entre dans la vie de la conscience &#8212; la conscience sur l&rsquo;existence de plusieurs r\u00e9alit\u00e9s qui se situent parallelement: la vie interne, donc psychique; la vie \u00e9xterne, donc la r\u00e9alit\u00e9 qui nous entourne et la vie d&rsquo;une monde spirituelle qui nous accompagne. J&rsquo;invite vos adolescents de traverser le &hellip; <a href=\"https:\/\/welten-institut.de\/fr\/linitiation-spirituelle\/\" class=\"more-link\">Continuer la lecture de <span class=\"screen-reader-text\">L&rsquo;initiation spirituelle pour les Teenies<\/span><\/a><\/p>\n","protected":false},"author":2,"featured_media":0,"parent":0,"menu_order":0,"comment_status":"closed","ping_status":"closed","template":"","meta":{"inline_featured_image":false,"footnotes":""},"class_list":["post-616","page","type-page","status-publish","hentry"],"_links":{"self":[{"href":"https:\/\/welten-institut.de\/fr\/wp-json\/wp\/v2\/pages\/616","targetHints":{"allow":["GET"]}}],"collection":[{"href":"https:\/\/welten-institut.de\/fr\/wp-json\/wp\/v2\/pages"}],"about":[{"href":"https:\/\/welten-institut.de\/fr\/wp-json\/wp\/v2\/types\/page"}],"author":[{"embeddable":true,"href":"https:\/\/welten-institut.de\/fr\/wp-json\/wp\/v2\/users\/2"}],"replies":[{"embeddable":true,"href":"https:\/\/welten-institut.de\/fr\/wp-json\/wp\/v2\/comments?post=616"}],"version-history":[{"count":25,"href":"https:\/\/welten-institut.de\/fr\/wp-json\/wp\/v2\/pages\/616\/revisions"}],"predecessor-version":[{"id":633,"href":"https:\/\/welten-institut.de\/fr\/wp-json\/wp\/v2\/pages\/616\/revisions\/633"}],"wp:attachment":[{"href":"https:\/\/welten-institut.de\/fr\/wp-json\/wp\/v2\/media?parent=616"}],"curies":[{"name":"wp","href":"https:\/\/api.w.org\/{rel}","templated":true}]}}