{"id":47,"date":"2019-08-20T14:35:59","date_gmt":"2019-08-20T12:35:59","guid":{"rendered":"http:\/\/welten-institut.de\/de\/?page_id=47"},"modified":"2025-01-15T13:41:26","modified_gmt":"2025-01-15T12:41:26","slug":"generelle-angebote","status":"publish","type":"page","link":"https:\/\/welten-institut.de\/fr\/generelle-angebote\/","title":{"rendered":"Offres G\u00e9n\u00e9rales"},"content":{"rendered":"<p style=\"text-align: right;\"><em>Wir denken nach, erkennen, teilen unsere Gedanken und Empfindungen, lernen miteinander und reisen im physischen und feinstofflichen DaSein. Sei mit dabei, wenn wir uns an unser eigenes Selbst anbinden.<\/em><\/p>\n<p><strong>Die neue Seminarreihe <em>Spirituelle Reisen und Zwiegespr\u00e4ch<\/em> gibt es seit Juni 2019.<\/strong><\/p>\n<p>Die Besonderheit ist auch hier die Verbindung von tiefenpsychologischem uns spirituellem Wissen, aufgearbeitet f\u00fcr ALLE. Die Seminarreihe erm\u00f6glicht die Arbeit in kleinen Gruppen, zu Chakren, zu spirituellen Reisen, zur Krafttierarbeit oder auch zu den vier Elementen mit Wissen und Umsetzung, mit Reflektion und Diskussion, einzeln und interaktiv. Stets mit spiritueller Praxis! Ein Tag lang gemeinsam lernen und uns verbinden mit der Ganzheit des Bewusst-Seins. Das 1. Tagesseminar besch\u00e4ftigte sich mit <strong>dem<\/strong><strong> Aufbau des energetischen R\u00fcckgrats und mit der Kenntnis Deines Selbst. <\/strong>Es war ausgebucht.<\/p>\n<h4 style=\"text-align: center;\">Der Weg des K\u00fcnstlers \u2014 die Freisetzung Deiner kreativen Kraft<\/h4>\n<p><img loading=\"lazy\" decoding=\"async\" class=\" wp-image-402 aligncenter\" src=\"https:\/\/clarawelten.de\/wp-content\/uploads\/Download-1-e1452085299684.jpg\" alt=\"Download (1)\" width=\"278\" height=\"184\" \/><\/p>\n<p style=\"text-align: center;\">\u00a0<strong>Was bedeutet f\u00fcr Dich ein kreatives Leben?<\/strong><\/p>\n<p style=\"margin: 0cm; margin-bottom: .0001pt;\">\u2013 M\u00f6chtest Du aus Deinem Kokon schl\u00fcpfen und Dich in die Welt ausbreiten?<\/p>\n<p style=\"margin: 0cm; margin-bottom: .0001pt;\">\u2013 Deiner Begeisterung und der Lust nach k\u00fcnstlerischer Arbeit nachgehen?<\/p>\n<p style=\"margin: 0cm; margin-bottom: .0001pt;\">\u2013 Kreativit\u00e4t leben und ohne Blockaden beschwingter umsetzen?<\/p>\n<p style=\"margin: 0cm; margin-bottom: .0001pt;\">\u2013 Inspirationen zur t\u00e4glichen Arbeit werden lassen?<\/p>\n<p style=\"margin: 0cm; margin-bottom: .0001pt;\">\u2013 Schwere mit Leichtigkeit und Selbst-bewusst-Sein aufl\u00f6sen?<\/p>\n<p style=\"margin: 0cm; margin-bottom: .0001pt;\">\u2013 Klar dank des Herzens denken und den Mut haben, Position und Haltung f\u00fcr das Leben Aller einzunehmen?<\/p>\n<p>&nbsp;<\/p>\n<p>ICH m\u00f6chte Dir gerne den international erprobten, sehr effektiven Workshop <em>Der Weg des K\u00fcnstlers<\/em> in Berlin zug\u00e4nglich machen. Ich selbst habe ihn in meiner Pariser Studien- und Arbeitszeit kennen gelernt (1996-2004) und war von der Effektivit\u00e4t der Freisetzung kreativer Kr\u00e4fte begeistert. So kann ich zusammenfassen: Ich WAR eine blockierte Schreiberin, die wie fast alle Kreative eine versteckte Angst \u2013 n\u00e4mlich die vor der Erf\u00fcllung des Traumes in der Wirklichkeit \u2013 hatte. Nach drei Monaten war ich nicht mehr blockiert und vollkommen frei, weil in der Lust und in der Begeisterung zur Aus\u00fcbung meiner Sch\u00f6pferkraft. Seitdem sch\u00f6pfe ich aus dem Vollen und kann es kaum lassen \u2026 Dieses dreimonatige Atelier, das w\u00f6chentlich zwei Stunden in einer kleinen Gruppe, in gemischten, in Frauen- oder M\u00e4nnergruppen, stattfindet, richtet sich an Erwachsene, die einen gemeinsamen Wunsch teilen: ihren Zugang zur Kreativit\u00e4t zu erschlie\u00dfen, zu \u00f6ffnen und\/ oder zu aktivieren. Meist sind es Menschen, die das gleichnamige Buch von\u00a0<a href=\"http:\/\/Die neue Seminarreihe: \u201eSpirituelle Reisen und Zwiegespr\u00e4ch\u201c gibt es seit Juni 2019.\">Julia Cameron<\/a> begonnen haben zu erarbeiten und den Prozess gezielt zu Ende f\u00fchren m\u00f6chten. Dieser Kurs erfordert lediglich eines: Deine LUST darauf, Deine Energie der Sch\u00f6pferkraft zu befreien und den entsprechenden Zensoren in Deiner Innenwelt \u201eAdieu\u201c zu sagen, um Dich in Deinem Leben zu begeistern und es als kreatives zu verstehen. Bitte Termine anfragen!<\/p>\n<p>MELDE Dich bei mir, wenn Du Lust auf diesen Workshop hast!<\/p>\n<p><strong>Hier geht&rsquo;s zum Artikel: <\/strong><a href=\"http:\/\/clarawelten.de\/wp-content\/uploads\/Der-Weg-des-K\u00fcnstlers.-workshop..pdf\">Der Weg des K\u00fcnstlers &#8211; Dein kreativer Weg<\/a><\/p>\n","protected":false},"excerpt":{"rendered":"<p>Wir denken nach, erkennen, teilen unsere Gedanken und Empfindungen, lernen miteinander und reisen im physischen und feinstofflichen DaSein. Sei mit dabei, wenn wir uns an unser eigenes Selbst anbinden. Die neue Seminarreihe Spirituelle Reisen und Zwiegespr\u00e4ch gibt es seit Juni 2019. Die Besonderheit ist auch hier die Verbindung von tiefenpsychologischem uns spirituellem Wissen, aufgearbeitet f\u00fcr &hellip; <a href=\"https:\/\/welten-institut.de\/fr\/generelle-angebote\/\" class=\"more-link\">Continuer la lecture de <span class=\"screen-reader-text\">Offres G\u00e9n\u00e9rales<\/span><\/a><\/p>\n","protected":false},"author":2,"featured_media":2373,"parent":0,"menu_order":0,"comment_status":"closed","ping_status":"closed","template":"","meta":{"inline_featured_image":false,"footnotes":""},"class_list":["post-47","page","type-page","status-publish","has-post-thumbnail","hentry"],"_links":{"self":[{"href":"https:\/\/welten-institut.de\/fr\/wp-json\/wp\/v2\/pages\/47","targetHints":{"allow":["GET"]}}],"collection":[{"href":"https:\/\/welten-institut.de\/fr\/wp-json\/wp\/v2\/pages"}],"about":[{"href":"https:\/\/welten-institut.de\/fr\/wp-json\/wp\/v2\/types\/page"}],"author":[{"embeddable":true,"href":"https:\/\/welten-institut.de\/fr\/wp-json\/wp\/v2\/users\/2"}],"replies":[{"embeddable":true,"href":"https:\/\/welten-institut.de\/fr\/wp-json\/wp\/v2\/comments?post=47"}],"version-history":[{"count":17,"href":"https:\/\/welten-institut.de\/fr\/wp-json\/wp\/v2\/pages\/47\/revisions"}],"predecessor-version":[{"id":552,"href":"https:\/\/welten-institut.de\/fr\/wp-json\/wp\/v2\/pages\/47\/revisions\/552"}],"wp:featuredmedia":[{"embeddable":true,"href":"https:\/\/welten-institut.de\/fr\/wp-json\/wp\/v2\/media\/2373"}],"wp:attachment":[{"href":"https:\/\/welten-institut.de\/fr\/wp-json\/wp\/v2\/media?parent=47"}],"curies":[{"name":"wp","href":"https:\/\/api.w.org\/{rel}","templated":true}]}}