{"id":35,"date":"2019-08-20T14:34:18","date_gmt":"2019-08-20T12:34:18","guid":{"rendered":"http:\/\/welten-institut.de\/de\/?page_id=35"},"modified":"2024-09-20T15:50:51","modified_gmt":"2024-09-20T13:50:51","slug":"ausbildung","status":"publish","type":"page","link":"https:\/\/welten-institut.de\/fr\/ausbildung\/","title":{"rendered":"La formation d\u2019une psychoth\u00e9rapie int\u00e9grative"},"content":{"rendered":"<p style=\"text-align: left;\"><em>C&rsquo; est une formation continue en psychanalyse et en spiritualit\u00e9 pour toutes et tous.<\/em><\/p>\n<p style=\"text-align: left;\"><strong>Le nouveau cours de formation d\u00e9butera le 20 octobre 2024 et aura lieu une fois par mois, le 3e dimanche entre 10h et 15h30 au centre de pratique et de s\u00e9minaires Aquariana, Berlin. Les inscriptions ont d\u00e9j\u00e0 commenc\u00e9. Le groupe est limit\u00e9 \u00e0 12 personnes.<\/strong><\/p>\n<p><span style=\"font-size: 17px; font-weight: 400;\">La formation que je propose est issue de mon exp\u00e9rience que la psychanalyse en tant que th\u00e9rapie verbale et les techniques spirituelles non-verbales devraient se compl\u00e9ter. L&rsquo;une sans l&rsquo;autre est assez limit\u00e9e par rapport \u00e0 la possibilit\u00e9 de gu\u00e9rir les blessures psychiques.<\/span><\/p>\n<div>\n<p>Depuis 2010, cette formation a lieu \u00e0 Berlin. Elle dure 2,5 ans. Les rencontres sont mensuelles, un dimanche dans le mois de 10h \u00e0 15h30.<\/p>\n<h4>On se consacre \u00e0 trois sujets:<\/h4>\n<p>&#8211; <strong>la premi\u00e8re ann\u00e9e:<\/strong> \u00a0la spiritualit\u00e9, le chamanisme, le travail du chakra et la th\u00e9rapie de la r\u00e9incarnation<br \/>\n&#8211; <strong>la deuxi\u00e8me ann\u00e9e:<\/strong> la psychanalyse et son savoir (p.e. d\u00e9pression, psychose, narcissisme, trauma, eros)<br \/>\n&#8211;<strong> la troisi\u00e8me ann\u00e9e:<\/strong> les s\u00e9ances pratiques de la th\u00e9rapie. Comment on travaille r\u00e9ellement au service des patients? Quelle m\u00e9thode est utile et pourqoui? Comment on peux d\u00e9velopper les s\u00e9ances avec celui\/celle qui a besoin de l&rsquo;aide? Dans cette troisi\u00e9me ann\u00e9e on va apprendre de lier sp\u00e9cifiquement les m\u00e9thodes de la 1. et de la 2. ann\u00e9e!<\/p>\n<p><strong>Si tu ne peux pas assister personnellement aux cours, tu as la possibilit\u00e9 d&rsquo;\u00eatre connect\u00e9 en direct par zoom.<\/strong><\/p>\n<p>Cette d\u00e9marche \u00ab multi-th\u00e9rapeutique \u00bb est tr\u00e8s efficace dans la pratique car on d\u00e9veloppe une th\u00e9rapie individuelle au mesure des besoins : Si les mots ne suffisent plus pour que l\u2019\u00e2me puisse s&rsquo;exprimer on choisit les m\u00e9thodes spirituelles comme le chemin de la r\u00e9incarnation ou de la m\u00e9ditation pour arriver au centre du probl\u00e8me. Pour en savoir plus lisez mon nouveau livre en allemand (qui va \u00eatre publier en fran\u00e7ais selon les exigences): <a href=\"https:\/\/welten-institut.de\/fr\/lebst-du-schon-oder-wiederholst-du-noch\/\">Lebst Du schon oder wiederholst Du noch?<\/a><\/p>\n<\/div>\n","protected":false},"excerpt":{"rendered":"<p>C&rsquo; est une formation continue en psychanalyse et en spiritualit\u00e9 pour toutes et tous. Le nouveau cours de formation d\u00e9butera le 20 octobre 2024 et aura lieu une fois par mois, le 3e dimanche entre 10h et 15h30 au centre de pratique et de s\u00e9minaires Aquariana, Berlin. Les inscriptions ont d\u00e9j\u00e0 commenc\u00e9. Le groupe est &hellip; <a href=\"https:\/\/welten-institut.de\/fr\/ausbildung\/\" class=\"more-link\">Continuer la lecture de <span class=\"screen-reader-text\">La formation d\u2019une psychoth\u00e9rapie int\u00e9grative<\/span><\/a><\/p>\n","protected":false},"author":2,"featured_media":0,"parent":0,"menu_order":0,"comment_status":"closed","ping_status":"closed","template":"","meta":{"inline_featured_image":false,"footnotes":""},"class_list":["post-35","page","type-page","status-publish","hentry"],"_links":{"self":[{"href":"https:\/\/welten-institut.de\/fr\/wp-json\/wp\/v2\/pages\/35","targetHints":{"allow":["GET"]}}],"collection":[{"href":"https:\/\/welten-institut.de\/fr\/wp-json\/wp\/v2\/pages"}],"about":[{"href":"https:\/\/welten-institut.de\/fr\/wp-json\/wp\/v2\/types\/page"}],"author":[{"embeddable":true,"href":"https:\/\/welten-institut.de\/fr\/wp-json\/wp\/v2\/users\/2"}],"replies":[{"embeddable":true,"href":"https:\/\/welten-institut.de\/fr\/wp-json\/wp\/v2\/comments?post=35"}],"version-history":[{"count":89,"href":"https:\/\/welten-institut.de\/fr\/wp-json\/wp\/v2\/pages\/35\/revisions"}],"predecessor-version":[{"id":2315,"href":"https:\/\/welten-institut.de\/fr\/wp-json\/wp\/v2\/pages\/35\/revisions\/2315"}],"wp:attachment":[{"href":"https:\/\/welten-institut.de\/fr\/wp-json\/wp\/v2\/media?parent=35"}],"curies":[{"name":"wp","href":"https:\/\/api.w.org\/{rel}","templated":true}]}}