{"id":32,"date":"2019-08-20T14:34:05","date_gmt":"2019-08-20T12:34:05","guid":{"rendered":"http:\/\/welten-institut.de\/de\/?page_id=32"},"modified":"2025-01-13T17:03:42","modified_gmt":"2025-01-13T16:03:42","slug":"therapie","status":"publish","type":"page","link":"https:\/\/welten-institut.de\/fr\/therapie\/","title":{"rendered":"Th\u00e9rapie int\u00e9grative"},"content":{"rendered":"<p style=\"text-align: right;\"><em>De la psychoth\u00e9rapie verbale \u00e0 la th\u00e9rapie spirituelle nonverbale<\/em><\/p>\n<p>Dans ma <em>th\u00e9rapie int\u00e9grative<\/em> je vous donne concr\u00e8tement la possibilit\u00e9 de <em>choisir &#8212; de choisir\u00a0<\/em>la d\u00e9marche qui vous convienne pour trouver de l&rsquo;acc\u00e8s \u00e0 votre vie psychique.<\/p>\n<p>La spiritualit\u00e9 n&rsquo;est pas limit\u00e9e \u00e0 une d\u00e9marche conceptuelle ou dogmatique. L&rsquo;exp\u00e9rience spirituelle,\u00a0par la recherche d&rsquo;int\u00e9riorit\u00e9, de\u00a0connaissance de soi, de\u00a0transcendance, de\u00a0sagesse, ou de d\u00e9passement des limitations de la nos conditions corporelles <sup id=\"cite_ref-camus-poulain_18-1\" class=\"reference\"><\/sup>est indissociable de la d\u00e9marche th\u00e9rapeutique. C&rsquo;est pourquoi la spiritualit\u00e9 d\u00e9bouche g\u00e9n\u00e9ralement sur des d\u00e9marches corporelles, \u00e9motionnelles et mystiques, cherchant \u00e0 g\u00e9n\u00e9rer une exp\u00e9rience transcendante, une relation avec le Soi, la Conscience, l\u2019\u00c2me et le Monde.<\/p>\n<p><strong>Quant \u00e0 moi, le but de la th\u00e9rapie int\u00e9grative est une exploration profonde de l&rsquo;int\u00e9riorit\u00e9, conduisant \u00e0 votre conversion intime et l&rsquo;accession \u00e0 un \u00e9tat de conscience modifi\u00e9 et durable.<\/strong><\/p>\n<p>A partir de septembre 2024, chaque premier samedi du mois aussi \u00e0 <a href=\"http:\/\/www.coaching-therapie-muenchen.de\">Munich<\/a>\u00a0! Les prochaines s\u00e9ances seraient samedi, le 02.11.24 \u00e0 choisir entre 10h30 et 16h. La s\u00e9ance coutera entre 90\u20ac &#8211; 140\u20ac: Tu choisis le honoraire qui est faisable pour toi!<\/p>\n","protected":false},"excerpt":{"rendered":"<p>De la psychoth\u00e9rapie verbale \u00e0 la th\u00e9rapie spirituelle nonverbale Dans ma th\u00e9rapie int\u00e9grative je vous donne concr\u00e8tement la possibilit\u00e9 de choisir &#8212; de choisir\u00a0la d\u00e9marche qui vous convienne pour trouver de l&rsquo;acc\u00e8s \u00e0 votre vie psychique. La spiritualit\u00e9 n&rsquo;est pas limit\u00e9e \u00e0 une d\u00e9marche conceptuelle ou dogmatique. L&rsquo;exp\u00e9rience spirituelle,\u00a0par la recherche d&rsquo;int\u00e9riorit\u00e9, de\u00a0connaissance de soi, &hellip; <a href=\"https:\/\/welten-institut.de\/fr\/therapie\/\" class=\"more-link\">Continuer la lecture de <span class=\"screen-reader-text\">Th\u00e9rapie int\u00e9grative<\/span><\/a><\/p>\n","protected":false},"author":2,"featured_media":0,"parent":0,"menu_order":0,"comment_status":"closed","ping_status":"closed","template":"","meta":{"inline_featured_image":false,"footnotes":""},"class_list":["post-32","page","type-page","status-publish","hentry"],"_links":{"self":[{"href":"https:\/\/welten-institut.de\/fr\/wp-json\/wp\/v2\/pages\/32","targetHints":{"allow":["GET"]}}],"collection":[{"href":"https:\/\/welten-institut.de\/fr\/wp-json\/wp\/v2\/pages"}],"about":[{"href":"https:\/\/welten-institut.de\/fr\/wp-json\/wp\/v2\/types\/page"}],"author":[{"embeddable":true,"href":"https:\/\/welten-institut.de\/fr\/wp-json\/wp\/v2\/users\/2"}],"replies":[{"embeddable":true,"href":"https:\/\/welten-institut.de\/fr\/wp-json\/wp\/v2\/comments?post=32"}],"version-history":[{"count":45,"href":"https:\/\/welten-institut.de\/fr\/wp-json\/wp\/v2\/pages\/32\/revisions"}],"predecessor-version":[{"id":2361,"href":"https:\/\/welten-institut.de\/fr\/wp-json\/wp\/v2\/pages\/32\/revisions\/2361"}],"wp:attachment":[{"href":"https:\/\/welten-institut.de\/fr\/wp-json\/wp\/v2\/media?parent=32"}],"curies":[{"name":"wp","href":"https:\/\/api.w.org\/{rel}","templated":true}]}}