{"id":2661,"date":"2025-10-27T13:20:38","date_gmt":"2025-10-27T12:20:38","guid":{"rendered":"https:\/\/welten-institut.de\/?page_id=2661"},"modified":"2025-10-27T14:42:06","modified_gmt":"2025-10-27T13:42:06","slug":"blog","status":"publish","type":"page","link":"https:\/\/welten-institut.de\/fr\/blog\/","title":{"rendered":"Blog"},"content":{"rendered":"<p>Bienvenue sur mon blog !<\/p>\n<p>Je partage ici avec vous mes r\u00e9flexions et mon point de vue sur diff\u00e9rents sujets, allant de r\u00e9flexions critiques sur les structures sociales, les d\u00e9veloppements politiques et les \u00e9v\u00e9nements marquants de notre \u00e9poque \u00e0 des th\u00e8mes li\u00e9s \u00e0 la psychologie profonde et \u00e0 la spiritualit\u00e9.<\/p>\n<p>Je serais ravie de vous toucher, de vous faire r\u00e9fl\u00e9chir, de vous apporter de la joie et des id\u00e9es nouvelles. Et bien s\u00fbr, n&rsquo;h\u00e9sitez pas \u00e0 me faire part de vos commentaires.<\/p>\n<p>Cordialement,<br \/>\nClara Welten<\/p>\n<h2>Articles de blog<\/h2>\n<ul>\n<li><a href=\"https:\/\/welten-institut.de\/fr\/entdemokratisierung-und-militarisierung-oder-wie-anders-denkende-wieder-zu-feinden-wurden\/\">D\u00e9mocratisation et militarisation \u2013 ou comment ceux qui pensent autrement sont (\u00e0 nouveau) devenus des ennemis<\/a><\/li>\n<\/ul>\n<p>&nbsp;<\/p>\n","protected":false},"excerpt":{"rendered":"<p>Bienvenue sur mon blog ! Je partage ici avec vous mes r\u00e9flexions et mon point de vue sur diff\u00e9rents sujets, allant de r\u00e9flexions critiques sur les structures sociales, les d\u00e9veloppements politiques et les \u00e9v\u00e9nements marquants de notre \u00e9poque \u00e0 des th\u00e8mes li\u00e9s \u00e0 la psychologie profonde et \u00e0 la spiritualit\u00e9. Je serais ravie de vous &hellip; <a href=\"https:\/\/welten-institut.de\/fr\/blog\/\" class=\"more-link\">Continuer la lecture de <span class=\"screen-reader-text\">Blog<\/span><\/a><\/p>\n","protected":false},"author":2,"featured_media":2674,"parent":0,"menu_order":0,"comment_status":"closed","ping_status":"closed","template":"","meta":{"inline_featured_image":false,"footnotes":""},"class_list":["post-2661","page","type-page","status-publish","has-post-thumbnail","hentry"],"_links":{"self":[{"href":"https:\/\/welten-institut.de\/fr\/wp-json\/wp\/v2\/pages\/2661","targetHints":{"allow":["GET"]}}],"collection":[{"href":"https:\/\/welten-institut.de\/fr\/wp-json\/wp\/v2\/pages"}],"about":[{"href":"https:\/\/welten-institut.de\/fr\/wp-json\/wp\/v2\/types\/page"}],"author":[{"embeddable":true,"href":"https:\/\/welten-institut.de\/fr\/wp-json\/wp\/v2\/users\/2"}],"replies":[{"embeddable":true,"href":"https:\/\/welten-institut.de\/fr\/wp-json\/wp\/v2\/comments?post=2661"}],"version-history":[{"count":20,"href":"https:\/\/welten-institut.de\/fr\/wp-json\/wp\/v2\/pages\/2661\/revisions"}],"predecessor-version":[{"id":2700,"href":"https:\/\/welten-institut.de\/fr\/wp-json\/wp\/v2\/pages\/2661\/revisions\/2700"}],"wp:featuredmedia":[{"embeddable":true,"href":"https:\/\/welten-institut.de\/fr\/wp-json\/wp\/v2\/media\/2674"}],"wp:attachment":[{"href":"https:\/\/welten-institut.de\/fr\/wp-json\/wp\/v2\/media?parent=2661"}],"curies":[{"name":"wp","href":"https:\/\/api.w.org\/{rel}","templated":true}]}}