{"id":2522,"date":"2025-03-05T14:00:01","date_gmt":"2025-03-05T13:00:01","guid":{"rendered":"https:\/\/welten-institut.de\/?page_id=2522"},"modified":"2025-06-13T12:17:44","modified_gmt":"2025-06-13T10:17:44","slug":"zitat-galerie","status":"publish","type":"page","link":"https:\/\/welten-institut.de\/fr\/zitat-galerie\/","title":{"rendered":"Galerie de citations"},"content":{"rendered":"<p>\u00ab Pour certains, il est plus facile de se mettre devant un char que de dormir dans l&rsquo;obscurit\u00e9 sous une tente \u00bb.<\/p>\n<p><img loading=\"lazy\" decoding=\"async\" class=\"alignnone size-medium wp-image-2605\" src=\"https:\/\/welten-institut.de\/wp-content\/uploads\/Zelt-300x251.png\" alt=\"Ein blaubeleuchtetes Zelt unter dem Sternenhimmel\" width=\"300\" height=\"251\" srcset=\"https:\/\/welten-institut.de\/wp-content\/uploads\/Zelt-300x251.png 300w, https:\/\/welten-institut.de\/wp-content\/uploads\/Zelt-768x644.png 768w, https:\/\/welten-institut.de\/wp-content\/uploads\/Zelt-500x419.png 500w, https:\/\/welten-institut.de\/wp-content\/uploads\/Zelt-825x692.png 825w, https:\/\/welten-institut.de\/wp-content\/uploads\/Zelt.png 940w\" sizes=\"auto, (max-width: 300px) 100vw, 300px\" \/><\/p>\n<p>\u00ab Le vert de ton chakra du c\u0153ur se connecte dans la compassion avec les gens, comme le vent berce les feuilles vertes des arbres et les fait bouger \u00bb.<\/p>\n<p><img loading=\"lazy\" decoding=\"async\" class=\"alignnone size-medium wp-image-2604\" src=\"https:\/\/welten-institut.de\/wp-content\/uploads\/Herzchakra-300x251.png\" alt=\"Gr\u00fcne Baumkronen vor dem blauen Himmel\" width=\"300\" height=\"251\" srcset=\"https:\/\/welten-institut.de\/wp-content\/uploads\/Herzchakra-300x251.png 300w, https:\/\/welten-institut.de\/wp-content\/uploads\/Herzchakra-768x644.png 768w, https:\/\/welten-institut.de\/wp-content\/uploads\/Herzchakra-500x419.png 500w, https:\/\/welten-institut.de\/wp-content\/uploads\/Herzchakra-825x692.png 825w, https:\/\/welten-institut.de\/wp-content\/uploads\/Herzchakra.png 940w\" sizes=\"auto, (max-width: 300px) 100vw, 300px\" \/><\/p>\n<p>\u00ab\u00a0Prends position, sois l&rsquo;arbre : la couronne s&rsquo;\u00e9tend dans les airs, le tronc est ton corps et les racines s&rsquo;enfoncent profond\u00e9ment dans la terre m\u00e8re : la force contenue dans ta posture droite te permet de surmonter les temp\u00eates et de faire vibrer la pr\u00e9sence \u00e9nerg\u00e9tique. Sois &#8211; entier\u00a0\u00bb.<\/p>\n<p><img loading=\"lazy\" decoding=\"async\" class=\"alignnone size-medium wp-image-2602\" src=\"https:\/\/welten-institut.de\/wp-content\/uploads\/Baum-300x251.png\" alt=\"Starker Baumstamm und Baumkrone\" width=\"300\" height=\"251\" srcset=\"https:\/\/welten-institut.de\/wp-content\/uploads\/Baum-300x251.png 300w, https:\/\/welten-institut.de\/wp-content\/uploads\/Baum-768x644.png 768w, https:\/\/welten-institut.de\/wp-content\/uploads\/Baum-500x419.png 500w, https:\/\/welten-institut.de\/wp-content\/uploads\/Baum-825x692.png 825w, https:\/\/welten-institut.de\/wp-content\/uploads\/Baum.png 940w\" sizes=\"auto, (max-width: 300px) 100vw, 300px\" \/><\/p>\n<p>\u00ab Le monde est \u00e0 l&rsquo;image de chaque individu : si tu purifies la constitution de ton moi de la peur et du d\u00e9sespoir, tu apportes la paix dans le monde \u00bb.<\/p>\n<p><img loading=\"lazy\" decoding=\"async\" class=\"alignnone size-medium wp-image-2603\" src=\"https:\/\/welten-institut.de\/wp-content\/uploads\/Frieden-300x251.png\" alt=\"Frau sitzt am See und schaut in den Sonnenuntergang\" width=\"300\" height=\"251\" srcset=\"https:\/\/welten-institut.de\/wp-content\/uploads\/Frieden-300x251.png 300w, https:\/\/welten-institut.de\/wp-content\/uploads\/Frieden-768x644.png 768w, https:\/\/welten-institut.de\/wp-content\/uploads\/Frieden-500x419.png 500w, https:\/\/welten-institut.de\/wp-content\/uploads\/Frieden-825x692.png 825w, https:\/\/welten-institut.de\/wp-content\/uploads\/Frieden.png 940w\" sizes=\"auto, (max-width: 300px) 100vw, 300px\" \/><\/p>\n<p>\u00ab La politique est le reflet de notre conscience, de nos peurs et de nos projections &#8211; ce qui n&rsquo;a pas \u00e9t\u00e9 trait\u00e9 devient collectif \u00bb.<\/p>\n<p><img loading=\"lazy\" decoding=\"async\" class=\"alignnone size-medium wp-image-2531\" src=\"https:\/\/welten-institut.de\/wp-content\/uploads\/Politik-das-Abbild-unseres-Bewusstseins-300x251.png\" alt=\"\" width=\"300\" height=\"251\" srcset=\"https:\/\/welten-institut.de\/wp-content\/uploads\/Politik-das-Abbild-unseres-Bewusstseins-300x251.png 300w, https:\/\/welten-institut.de\/wp-content\/uploads\/Politik-das-Abbild-unseres-Bewusstseins-768x644.png 768w, https:\/\/welten-institut.de\/wp-content\/uploads\/Politik-das-Abbild-unseres-Bewusstseins-500x419.png 500w, https:\/\/welten-institut.de\/wp-content\/uploads\/Politik-das-Abbild-unseres-Bewusstseins-825x692.png 825w, https:\/\/welten-institut.de\/wp-content\/uploads\/Politik-das-Abbild-unseres-Bewusstseins.png 940w\" sizes=\"auto, (max-width: 300px) 100vw, 300px\" \/><\/p>\n<p>\u00ab Notre monde int\u00e9rieur se pose sur le monde ext\u00e9rieur comme une vibration de nos pens\u00e9es et de nos sentiments : nous d\u00e9terminons lesquels \u00bb.<\/p>\n<p><img loading=\"lazy\" decoding=\"async\" class=\"alignnone size-medium wp-image-2530\" src=\"https:\/\/welten-institut.de\/wp-content\/uploads\/Innen-und-Aussenwelt-300x251.png\" alt=\"\" width=\"300\" height=\"251\" srcset=\"https:\/\/welten-institut.de\/wp-content\/uploads\/Innen-und-Aussenwelt-300x251.png 300w, https:\/\/welten-institut.de\/wp-content\/uploads\/Innen-und-Aussenwelt-768x644.png 768w, https:\/\/welten-institut.de\/wp-content\/uploads\/Innen-und-Aussenwelt-500x419.png 500w, https:\/\/welten-institut.de\/wp-content\/uploads\/Innen-und-Aussenwelt-825x692.png 825w, https:\/\/welten-institut.de\/wp-content\/uploads\/Innen-und-Aussenwelt.png 940w\" sizes=\"auto, (max-width: 300px) 100vw, 300px\" \/><\/p>\n<p>\u00ab Tes pens\u00e9es et tes sentiments dans le pr\u00e9sent, d\u00e9terminent la perspective de ton hier et influencent le choix des d\u00e9cisions pour ton demain. L&rsquo;avenir commence maintenant \u00bb.<\/p>\n<p><img loading=\"lazy\" decoding=\"async\" class=\"alignnone size-medium wp-image-2534\" src=\"https:\/\/welten-institut.de\/wp-content\/uploads\/Woman-Motivational-Quote-Facebook-Post-300x251.png\" alt=\"\" width=\"300\" height=\"251\" srcset=\"https:\/\/welten-institut.de\/wp-content\/uploads\/Woman-Motivational-Quote-Facebook-Post-300x251.png 300w, https:\/\/welten-institut.de\/wp-content\/uploads\/Woman-Motivational-Quote-Facebook-Post-768x644.png 768w, https:\/\/welten-institut.de\/wp-content\/uploads\/Woman-Motivational-Quote-Facebook-Post-500x419.png 500w, https:\/\/welten-institut.de\/wp-content\/uploads\/Woman-Motivational-Quote-Facebook-Post-825x692.png 825w, https:\/\/welten-institut.de\/wp-content\/uploads\/Woman-Motivational-Quote-Facebook-Post.png 940w\" sizes=\"auto, (max-width: 300px) 100vw, 300px\" \/><\/p>\n<p>\u00ab Soyons une fois de plus attentifs \u00e0 l&rsquo;\u00e9quilibre de notre \u00e2me : car notre monde int\u00e9rieur et notre monde ext\u00e9rieur coop\u00e8rent et sont une r\u00e9alit\u00e9. Sociales \u00bb.<\/p>\n<p><img loading=\"lazy\" decoding=\"async\" class=\"alignnone size-medium wp-image-2529\" src=\"https:\/\/welten-institut.de\/wp-content\/uploads\/Gesellschaftliche-Realitaet-300x251.png\" alt=\"\" width=\"300\" height=\"251\" srcset=\"https:\/\/welten-institut.de\/wp-content\/uploads\/Gesellschaftliche-Realitaet-300x251.png 300w, https:\/\/welten-institut.de\/wp-content\/uploads\/Gesellschaftliche-Realitaet-768x644.png 768w, https:\/\/welten-institut.de\/wp-content\/uploads\/Gesellschaftliche-Realitaet-500x419.png 500w, https:\/\/welten-institut.de\/wp-content\/uploads\/Gesellschaftliche-Realitaet-825x692.png 825w, https:\/\/welten-institut.de\/wp-content\/uploads\/Gesellschaftliche-Realitaet.png 940w\" sizes=\"auto, (max-width: 300px) 100vw, 300px\" \/><\/p>\n<p>\u00ab Ose affronter tes ombres, car tout ce que tu ressens et penses se r\u00e9alise. Maintenant \u00bb.<\/p>\n<p><img loading=\"lazy\" decoding=\"async\" class=\"alignnone size-medium wp-image-2532\" src=\"https:\/\/welten-institut.de\/wp-content\/uploads\/Was-du-fuehlst-und-denkst-verwirklicht-sich-300x251.png\" alt=\"\" width=\"300\" height=\"251\" srcset=\"https:\/\/welten-institut.de\/wp-content\/uploads\/Was-du-fuehlst-und-denkst-verwirklicht-sich-300x251.png 300w, https:\/\/welten-institut.de\/wp-content\/uploads\/Was-du-fuehlst-und-denkst-verwirklicht-sich-768x644.png 768w, https:\/\/welten-institut.de\/wp-content\/uploads\/Was-du-fuehlst-und-denkst-verwirklicht-sich-500x419.png 500w, https:\/\/welten-institut.de\/wp-content\/uploads\/Was-du-fuehlst-und-denkst-verwirklicht-sich-825x692.png 825w, https:\/\/welten-institut.de\/wp-content\/uploads\/Was-du-fuehlst-und-denkst-verwirklicht-sich.png 940w\" sizes=\"auto, (max-width: 300px) 100vw, 300px\" \/><\/p>\n<p>\u00ab Ose regarder \u00e0 l&rsquo;int\u00e9rieur de tes blessures et de tes plaies, les ouvrir, les retracer dans leur int\u00e9gralit\u00e9. Pourquoi ? \u00c0 la fin de ton processus, le flux de ta source est aussi calme et clair qu&rsquo;un lac de montagne \u00bb.<\/p>\n<p><img loading=\"lazy\" decoding=\"async\" class=\"alignnone size-medium wp-image-2523\" src=\"https:\/\/welten-institut.de\/wp-content\/uploads\/Traue-dich-in-deine-Verletzungen-und-Wunden-hinein-zu-schauen-sie-aufzublaettern-sie-in-Gaenze-nachzuspueren.-Weshalb-Am-Ende-deines-Prozesses-ist-der-Fluss-deiner-Quelle-so-ruhig-und-klar-wie-ei-300x248.png\" alt=\"\" width=\"300\" height=\"248\" srcset=\"https:\/\/welten-institut.de\/wp-content\/uploads\/Traue-dich-in-deine-Verletzungen-und-Wunden-hinein-zu-schauen-sie-aufzublaettern-sie-in-Gaenze-nachzuspueren.-Weshalb-Am-Ende-deines-Prozesses-ist-der-Fluss-deiner-Quelle-so-ruhig-und-klar-wie-ei-300x248.png 300w, https:\/\/welten-institut.de\/wp-content\/uploads\/Traue-dich-in-deine-Verletzungen-und-Wunden-hinein-zu-schauen-sie-aufzublaettern-sie-in-Gaenze-nachzuspueren.-Weshalb-Am-Ende-deines-Prozesses-ist-der-Fluss-deiner-Quelle-so-ruhig-und-klar-wie-ei-768x634.png 768w, https:\/\/welten-institut.de\/wp-content\/uploads\/Traue-dich-in-deine-Verletzungen-und-Wunden-hinein-zu-schauen-sie-aufzublaettern-sie-in-Gaenze-nachzuspueren.-Weshalb-Am-Ende-deines-Prozesses-ist-der-Fluss-deiner-Quelle-so-ruhig-und-klar-wie-ei-500x413.png 500w, https:\/\/welten-institut.de\/wp-content\/uploads\/Traue-dich-in-deine-Verletzungen-und-Wunden-hinein-zu-schauen-sie-aufzublaettern-sie-in-Gaenze-nachzuspueren.-Weshalb-Am-Ende-deines-Prozesses-ist-der-Fluss-deiner-Quelle-so-ruhig-und-klar-wie-ei-825x681.png 825w, https:\/\/welten-institut.de\/wp-content\/uploads\/Traue-dich-in-deine-Verletzungen-und-Wunden-hinein-zu-schauen-sie-aufzublaettern-sie-in-Gaenze-nachzuspueren.-Weshalb-Am-Ende-deines-Prozesses-ist-der-Fluss-deiner-Quelle-so-ruhig-und-klar-wie-ei.png 940w\" sizes=\"auto, (max-width: 300px) 100vw, 300px\" \/><\/p>\n<p>\u00ab Le travail de prise de conscience demande du courage, le courage de faire face \u00e0 tes ombres \u00bb.<\/p>\n<p><img loading=\"lazy\" decoding=\"async\" class=\"alignnone size-medium wp-image-2525\" src=\"https:\/\/welten-institut.de\/wp-content\/uploads\/Bewusstseinsarbeit-300x251.png\" alt=\"\" width=\"300\" height=\"251\" srcset=\"https:\/\/welten-institut.de\/wp-content\/uploads\/Bewusstseinsarbeit-300x251.png 300w, https:\/\/welten-institut.de\/wp-content\/uploads\/Bewusstseinsarbeit-768x644.png 768w, https:\/\/welten-institut.de\/wp-content\/uploads\/Bewusstseinsarbeit-500x419.png 500w, https:\/\/welten-institut.de\/wp-content\/uploads\/Bewusstseinsarbeit-825x692.png 825w, https:\/\/welten-institut.de\/wp-content\/uploads\/Bewusstseinsarbeit.png 940w\" sizes=\"auto, (max-width: 300px) 100vw, 300px\" \/><\/p>\n<p>\u00ab Ton c\u0153ur cosmique est toujours plein de joie et de compassion, m\u00eame lorsque la tristesse et la douleur t&rsquo;\u00e9meuvent \u00bb.<\/p>\n<p><img loading=\"lazy\" decoding=\"async\" class=\"alignnone size-medium wp-image-2527\" src=\"https:\/\/welten-institut.de\/wp-content\/uploads\/Kosmisches-Herz-300x251.png\" alt=\"\" width=\"300\" height=\"251\" srcset=\"https:\/\/welten-institut.de\/wp-content\/uploads\/Kosmisches-Herz-300x251.png 300w, https:\/\/welten-institut.de\/wp-content\/uploads\/Kosmisches-Herz-768x644.png 768w, https:\/\/welten-institut.de\/wp-content\/uploads\/Kosmisches-Herz-500x419.png 500w, https:\/\/welten-institut.de\/wp-content\/uploads\/Kosmisches-Herz-825x692.png 825w, https:\/\/welten-institut.de\/wp-content\/uploads\/Kosmisches-Herz.png 940w\" sizes=\"auto, (max-width: 300px) 100vw, 300px\" \/><\/p>\n<p>\u00ab Ce dont nous avons besoin aujourd&rsquo;hui, c&rsquo;est de visions. Des visions concr\u00e8tes, r\u00e9alisables dans la r\u00e9alit\u00e9. Pas d&rsquo;id\u00e9ologies politiques ou religieuses, mais une collaboration d&rsquo;\u00e9gal \u00e0 \u00e9gal, avec pour objectif d&rsquo;assurer notre vie sur la plan\u00e8te Terre et de fa\u00e7onner une \u00e9thique de l&rsquo;humanit\u00e9 \u00bb.<\/p>\n<p><img loading=\"lazy\" decoding=\"async\" class=\"alignnone size-medium wp-image-2528\" src=\"https:\/\/welten-institut.de\/wp-content\/uploads\/Visionen-300x251.png\" alt=\"\" width=\"300\" height=\"251\" srcset=\"https:\/\/welten-institut.de\/wp-content\/uploads\/Visionen-300x251.png 300w, https:\/\/welten-institut.de\/wp-content\/uploads\/Visionen-768x644.png 768w, https:\/\/welten-institut.de\/wp-content\/uploads\/Visionen-500x419.png 500w, https:\/\/welten-institut.de\/wp-content\/uploads\/Visionen-825x692.png 825w, https:\/\/welten-institut.de\/wp-content\/uploads\/Visionen.png 940w\" sizes=\"auto, (max-width: 300px) 100vw, 300px\" \/><\/p>\n<p>\u00ab Sois d\u00e9termin\u00e9 \u00e0 t&rsquo;impliquer o\u00f9 que tu sois : pour la paix ! \u00bb<\/p>\n<p><img loading=\"lazy\" decoding=\"async\" class=\"alignnone size-medium wp-image-2526\" src=\"https:\/\/welten-institut.de\/wp-content\/uploads\/Einmischen-300x251.png\" alt=\"\" width=\"300\" height=\"251\" srcset=\"https:\/\/welten-institut.de\/wp-content\/uploads\/Einmischen-300x251.png 300w, https:\/\/welten-institut.de\/wp-content\/uploads\/Einmischen-768x644.png 768w, https:\/\/welten-institut.de\/wp-content\/uploads\/Einmischen-500x419.png 500w, https:\/\/welten-institut.de\/wp-content\/uploads\/Einmischen-825x692.png 825w, https:\/\/welten-institut.de\/wp-content\/uploads\/Einmischen.png 940w\" sizes=\"auto, (max-width: 300px) 100vw, 300px\" \/><\/p>\n<p>\u00ab En ces temps particuliers, entra\u00eene ton niveau mental \u00e0 voir le bon c\u00f4t\u00e9 des choses et rappelle-toi que les temps particuliers existent toujours pour la plupart des gens sur cette terre \u00bb.<\/p>\n<p><img loading=\"lazy\" decoding=\"async\" class=\"alignnone size-medium wp-image-2524\" src=\"https:\/\/welten-institut.de\/wp-content\/uploads\/Besondere-Zeiten-300x251.png\" alt=\"\" width=\"300\" height=\"251\" srcset=\"https:\/\/welten-institut.de\/wp-content\/uploads\/Besondere-Zeiten-300x251.png 300w, https:\/\/welten-institut.de\/wp-content\/uploads\/Besondere-Zeiten-768x644.png 768w, https:\/\/welten-institut.de\/wp-content\/uploads\/Besondere-Zeiten-500x419.png 500w, https:\/\/welten-institut.de\/wp-content\/uploads\/Besondere-Zeiten-825x692.png 825w, https:\/\/welten-institut.de\/wp-content\/uploads\/Besondere-Zeiten.png 940w\" sizes=\"auto, (max-width: 300px) 100vw, 300px\" \/><\/p>\n","protected":false},"excerpt":{"rendered":"<p>\u00ab Pour certains, il est plus facile de se mettre devant un char que de dormir dans l&rsquo;obscurit\u00e9 sous une tente \u00bb. \u00ab Le vert de ton chakra du c\u0153ur se connecte dans la compassion avec les gens, comme le vent berce les feuilles vertes des arbres et les fait bouger \u00bb. \u00ab\u00a0Prends position, sois &hellip; <a href=\"https:\/\/welten-institut.de\/fr\/zitat-galerie\/\" class=\"more-link\">Continuer la lecture de <span class=\"screen-reader-text\">Galerie de citations<\/span><\/a><\/p>\n","protected":false},"author":2,"featured_media":2530,"parent":0,"menu_order":0,"comment_status":"closed","ping_status":"closed","template":"","meta":{"inline_featured_image":false,"footnotes":""},"class_list":["post-2522","page","type-page","status-publish","has-post-thumbnail","hentry"],"_links":{"self":[{"href":"https:\/\/welten-institut.de\/fr\/wp-json\/wp\/v2\/pages\/2522","targetHints":{"allow":["GET"]}}],"collection":[{"href":"https:\/\/welten-institut.de\/fr\/wp-json\/wp\/v2\/pages"}],"about":[{"href":"https:\/\/welten-institut.de\/fr\/wp-json\/wp\/v2\/types\/page"}],"author":[{"embeddable":true,"href":"https:\/\/welten-institut.de\/fr\/wp-json\/wp\/v2\/users\/2"}],"replies":[{"embeddable":true,"href":"https:\/\/welten-institut.de\/fr\/wp-json\/wp\/v2\/comments?post=2522"}],"version-history":[{"count":12,"href":"https:\/\/welten-institut.de\/fr\/wp-json\/wp\/v2\/pages\/2522\/revisions"}],"predecessor-version":[{"id":2610,"href":"https:\/\/welten-institut.de\/fr\/wp-json\/wp\/v2\/pages\/2522\/revisions\/2610"}],"wp:featuredmedia":[{"embeddable":true,"href":"https:\/\/welten-institut.de\/fr\/wp-json\/wp\/v2\/media\/2530"}],"wp:attachment":[{"href":"https:\/\/welten-institut.de\/fr\/wp-json\/wp\/v2\/media?parent=2522"}],"curies":[{"name":"wp","href":"https:\/\/api.w.org\/{rel}","templated":true}]}}