{"id":2414,"date":"2025-01-17T17:03:55","date_gmt":"2025-01-17T16:03:55","guid":{"rendered":"https:\/\/welten-institut.de\/?page_id=2414"},"modified":"2025-03-05T13:33:40","modified_gmt":"2025-03-05T12:33:40","slug":"podcasts-2","status":"publish","type":"page","link":"https:\/\/welten-institut.de\/fr\/podcasts-2\/","title":{"rendered":"Podcasts"},"content":{"rendered":"<p>Sur ma <a href=\"https:\/\/www.youtube.com\/channel\/UC0I-2QpCcNoW5lGQf_gAB6g\" target=\"_blank\" rel=\"noopener\">cha\u00eene YouTube \u00ab Clara Welten \u00bb<\/a>, tu trouveras des <a href=\"https:\/\/www.youtube.com\/watch?v=ZGAfX8hzcoY&#038;list=PLuxyQVcq-7KmQLbBoEOdazFD_3ZjjEhLS\" target=\"_blank\" rel=\"noopener\">podcasts<\/a> sur des th\u00e8mes actuels et critiques de la soci\u00e9t\u00e9.<\/p>\n","protected":false},"excerpt":{"rendered":"<p>Sur ma cha\u00eene YouTube \u00ab Clara Welten \u00bb, tu trouveras des podcasts sur des th\u00e8mes actuels et critiques de la soci\u00e9t\u00e9.<\/p>\n","protected":false},"author":2,"featured_media":1531,"parent":0,"menu_order":0,"comment_status":"closed","ping_status":"closed","template":"","meta":{"inline_featured_image":false,"footnotes":""},"class_list":["post-2414","page","type-page","status-publish","has-post-thumbnail","hentry"],"_links":{"self":[{"href":"https:\/\/welten-institut.de\/fr\/wp-json\/wp\/v2\/pages\/2414","targetHints":{"allow":["GET"]}}],"collection":[{"href":"https:\/\/welten-institut.de\/fr\/wp-json\/wp\/v2\/pages"}],"about":[{"href":"https:\/\/welten-institut.de\/fr\/wp-json\/wp\/v2\/types\/page"}],"author":[{"embeddable":true,"href":"https:\/\/welten-institut.de\/fr\/wp-json\/wp\/v2\/users\/2"}],"replies":[{"embeddable":true,"href":"https:\/\/welten-institut.de\/fr\/wp-json\/wp\/v2\/comments?post=2414"}],"version-history":[{"count":8,"href":"https:\/\/welten-institut.de\/fr\/wp-json\/wp\/v2\/pages\/2414\/revisions"}],"predecessor-version":[{"id":2521,"href":"https:\/\/welten-institut.de\/fr\/wp-json\/wp\/v2\/pages\/2414\/revisions\/2521"}],"wp:featuredmedia":[{"embeddable":true,"href":"https:\/\/welten-institut.de\/fr\/wp-json\/wp\/v2\/media\/1531"}],"wp:attachment":[{"href":"https:\/\/welten-institut.de\/fr\/wp-json\/wp\/v2\/media?parent=2414"}],"curies":[{"name":"wp","href":"https:\/\/api.w.org\/{rel}","templated":true}]}}