{"id":2397,"date":"2025-01-15T18:29:33","date_gmt":"2025-01-15T17:29:33","guid":{"rendered":"https:\/\/welten-institut.de\/?page_id=2397"},"modified":"2026-02-18T16:27:38","modified_gmt":"2026-02-18T15:27:38","slug":"aktuelles-2","status":"publish","type":"page","link":"https:\/\/welten-institut.de\/fr\/aktuelles-2\/","title":{"rendered":"Actualit\u00e9s"},"content":{"rendered":"<p>Bienvenue dans ma cat\u00e9gorie \u00ab Actualit\u00e9s \u00bb ! Tu trouveras ici toutes les informations importantes sur mes derniers \u00e9v\u00e9nements, mes publications passionnantes, mes podcasts informatifs, mes s\u00e9minaires instructifs et mes m\u00e9ditations relaxantes.<\/p>\n<ul>\n<li><a href=\"https:\/\/welten-institut.de\/fr\/atelier-la-meditation-et-les-chakras\/\" target=\"_blank\" rel=\"noopener\">Atelier \u00ab La m\u00e9ditation et les chakras \u00bb<\/a><\/li>\n<\/ul>\n<ul class=\"sub-menu toggled-on\">\n<li id=\"menu-item-2347\" class=\"menu-item menu-item-type-post_type menu-item-object-post menu-item-2347\">\n<p class=\"entry-title\"><a href=\"https:\/\/welten-institut.de\/fr\/movement-and-meditation-5-rhythmen-und-spiritualitaet\/\" target=\"_blank\" rel=\"noopener\">\u00ab Movement and Meditation: 5 rythmes et spiritualit\u00e9 \u00bb<\/a><\/p>\n<\/li>\n<li>\n<p class=\"entry-title\"><a href=\"https:\/\/welten-institut.de\/fr\/wassermeditation-mit-energetischer-begleitung-aus-der-reihe-die-5-elemente\/\" target=\"_blank\" rel=\"noopener\">M\u00e9ditation aquatique avec accompagnement \u00e9nerg\u00e9tique issue de la s\u00e9rie \u00ab Les 5 \u00e9l\u00e9ments \u00bb<\/a><\/p>\n<\/li>\n<li>\n<p class=\"entry-title\"><a href=\"https:\/\/welten-institut.de\/fr\/feuermeditation-mit-energetischer-begleitung-aus-der-reihe-die-5-elemente\/\" target=\"_blank\" rel=\"noopener\">M\u00e9ditation du feu avec accompagnement \u00e9nerg\u00e9tique issue de la s\u00e9rie \u00ab Les 5 \u00e9l\u00e9ments \u00bb<\/a><\/p>\n<\/li>\n<li>\n<p class=\"entry-title\"><a href=\"https:\/\/welten-institut.de\/fr\/luftmeditation-mit-lichtuebertragung-aus-der-reihe-die-5-elemente\/\" target=\"_blank\" rel=\"noopener\">M\u00e9ditation sur l\u2019air avec transmission de la lumi\u00e8re de la s\u00e9rie \u00ab Les 5 \u00e9l\u00e9ments \u00bb<\/a><\/p>\n<\/li>\n<li id=\"menu-item-2173\" class=\"menu-item menu-item-type-post_type menu-item-object-post menu-item-2173\"><a href=\"https:\/\/welten-institut.de\/ankuendigung-neues-spirituelles-buchprojekt-von-clara-welten\/\">LIVRE ACTUEL\u00a0\u2013 \u201eWir sind Hebammen des Lichts! Wie Reisen in Reinkarnationen Dein Dasein erhellen\u201c<\/a><\/li>\n<\/ul>\n","protected":false},"excerpt":{"rendered":"<p>Bienvenue dans ma cat\u00e9gorie \u00ab Actualit\u00e9s \u00bb ! Tu trouveras ici toutes les informations importantes sur mes derniers \u00e9v\u00e9nements, mes publications passionnantes, mes podcasts informatifs, mes s\u00e9minaires instructifs et mes m\u00e9ditations relaxantes. Atelier \u00ab La m\u00e9ditation et les chakras \u00bb \u00ab Movement and Meditation: 5 rythmes et spiritualit\u00e9 \u00bb M\u00e9ditation aquatique avec accompagnement \u00e9nerg\u00e9tique issue &hellip; <a href=\"https:\/\/welten-institut.de\/fr\/aktuelles-2\/\" class=\"more-link\">Continuer la lecture de <span class=\"screen-reader-text\">Actualit\u00e9s<\/span><\/a><\/p>\n","protected":false},"author":2,"featured_media":2399,"parent":0,"menu_order":0,"comment_status":"closed","ping_status":"closed","template":"","meta":{"inline_featured_image":false,"footnotes":""},"class_list":["post-2397","page","type-page","status-publish","has-post-thumbnail","hentry"],"_links":{"self":[{"href":"https:\/\/welten-institut.de\/fr\/wp-json\/wp\/v2\/pages\/2397","targetHints":{"allow":["GET"]}}],"collection":[{"href":"https:\/\/welten-institut.de\/fr\/wp-json\/wp\/v2\/pages"}],"about":[{"href":"https:\/\/welten-institut.de\/fr\/wp-json\/wp\/v2\/types\/page"}],"author":[{"embeddable":true,"href":"https:\/\/welten-institut.de\/fr\/wp-json\/wp\/v2\/users\/2"}],"replies":[{"embeddable":true,"href":"https:\/\/welten-institut.de\/fr\/wp-json\/wp\/v2\/comments?post=2397"}],"version-history":[{"count":29,"href":"https:\/\/welten-institut.de\/fr\/wp-json\/wp\/v2\/pages\/2397\/revisions"}],"predecessor-version":[{"id":2759,"href":"https:\/\/welten-institut.de\/fr\/wp-json\/wp\/v2\/pages\/2397\/revisions\/2759"}],"wp:featuredmedia":[{"embeddable":true,"href":"https:\/\/welten-institut.de\/fr\/wp-json\/wp\/v2\/media\/2399"}],"wp:attachment":[{"href":"https:\/\/welten-institut.de\/fr\/wp-json\/wp\/v2\/media?parent=2397"}],"curies":[{"name":"wp","href":"https:\/\/api.w.org\/{rel}","templated":true}]}}