{"id":18,"date":"2019-08-20T14:28:47","date_gmt":"2019-08-20T12:28:47","guid":{"rendered":"http:\/\/welten-institut.de\/de\/?page_id=18"},"modified":"2025-01-13T17:01:01","modified_gmt":"2025-01-13T16:01:01","slug":"referenzen","status":"publish","type":"page","link":"https:\/\/welten-institut.de\/fr\/referenzen\/","title":{"rendered":"R\u00e9f\u00e9rences"},"content":{"rendered":"<p>Coming into our authentic, peaceful power so that we can steer the course of our life in the direction we know it should go, is one of the greatest gifts we can give to ourselves and ultimately to the world. Bringing together our whole being \u2013 physical, emotional, psychological and spiritual \u2013 helps us impact the world and powerfully and peacefully play the significant role for which we were born. Clara typifies this in her approach to life and in her expression of herself through her work and writing.<\/p>\n<p style=\"text-align: right;\"><a href=\"https:\/\/www.brendadavies.com\/\">Dr. Brenda Davies, psychiater and spirituel healer<\/a>, Wales<\/p>\n<p>Les autres r\u00e9f\u00e9rences sont en allemand. En peu de temps je puisse vous pr\u00e9senter des r\u00e9f\u00e9rences en fran\u00e7ais.<\/p>\n<p style=\"text-align: right;\">\n","protected":false},"excerpt":{"rendered":"<p>Coming into our authentic, peaceful power so that we can steer the course of our life in the direction we know it should go, is one of the greatest gifts we can give to ourselves and ultimately to the world. Bringing together our whole being \u2013 physical, emotional, psychological and spiritual \u2013 helps us impact &hellip; <a href=\"https:\/\/welten-institut.de\/fr\/referenzen\/\" class=\"more-link\">Continuer la lecture de <span class=\"screen-reader-text\">R\u00e9f\u00e9rences<\/span><\/a><\/p>\n","protected":false},"author":2,"featured_media":1928,"parent":0,"menu_order":0,"comment_status":"closed","ping_status":"closed","template":"","meta":{"inline_featured_image":false,"footnotes":""},"class_list":["post-18","page","type-page","status-publish","has-post-thumbnail","hentry"],"_links":{"self":[{"href":"https:\/\/welten-institut.de\/fr\/wp-json\/wp\/v2\/pages\/18","targetHints":{"allow":["GET"]}}],"collection":[{"href":"https:\/\/welten-institut.de\/fr\/wp-json\/wp\/v2\/pages"}],"about":[{"href":"https:\/\/welten-institut.de\/fr\/wp-json\/wp\/v2\/types\/page"}],"author":[{"embeddable":true,"href":"https:\/\/welten-institut.de\/fr\/wp-json\/wp\/v2\/users\/2"}],"replies":[{"embeddable":true,"href":"https:\/\/welten-institut.de\/fr\/wp-json\/wp\/v2\/comments?post=18"}],"version-history":[{"count":32,"href":"https:\/\/welten-institut.de\/fr\/wp-json\/wp\/v2\/pages\/18\/revisions"}],"predecessor-version":[{"id":2286,"href":"https:\/\/welten-institut.de\/fr\/wp-json\/wp\/v2\/pages\/18\/revisions\/2286"}],"wp:featuredmedia":[{"embeddable":true,"href":"https:\/\/welten-institut.de\/fr\/wp-json\/wp\/v2\/media\/1928"}],"wp:attachment":[{"href":"https:\/\/welten-institut.de\/fr\/wp-json\/wp\/v2\/media?parent=18"}],"curies":[{"name":"wp","href":"https:\/\/api.w.org\/{rel}","templated":true}]}}