{"id":16,"date":"2019-08-20T14:30:45","date_gmt":"2019-08-20T12:30:45","guid":{"rendered":"http:\/\/welten-institut.de\/de\/?page_id=16"},"modified":"2025-01-24T10:34:59","modified_gmt":"2025-01-24T09:34:59","slug":"mitgliedschaften","status":"publish","type":"page","link":"https:\/\/welten-institut.de\/fr\/mitgliedschaften\/","title":{"rendered":"Adh\u00e9sions"},"content":{"rendered":"<p style=\"text-align: right;\"><em>Pour nous, travailleurs de lumi\u00e8re sur cette terre : je m&rsquo;engage pour ceux qui essaient de rendre le monde plus juste. Faisons ensemble un travail de paix et encourageons ce qui nous tient \u00e0 c\u0153ur comme message &#8211; pour la qualit\u00e9 de tous les \u00eatres vivants. C&rsquo;est pour cela je suis membre dans les organisations suivantes pour soutenir activement les initiatives qui s&rsquo;engagent pour la survie de notre plan\u00e8te.<\/em><\/p>\n<p><strong>\u00a0<a href=\"https:\/\/www.gls.de\/privatkunden\/\">GLS<\/a><\/strong><\/p>\n<p><strong><a href=\"http:\/\/www.frauenrechte.de\/\">TERRE DES FEMMES<\/a><\/strong><\/p>\n<p><strong>\u00a0<a href=\"https:\/\/www.greenpeace.de\/\">Greenpeace<\/a><\/strong><\/p>\n<p><strong>\u00a0<a href=\"https:\/\/www.heilpraktikerverband.de\/\">Heilpraktiker-Verband<\/a><\/strong><\/p>\n<p><strong><a href=\"https:\/\/de.wikipedia.org\/wiki\/Wikipedia:Hauptseite\">Wikipedia<\/a><\/strong><\/p>\n","protected":false},"excerpt":{"rendered":"<p>Pour nous, travailleurs de lumi\u00e8re sur cette terre : je m&rsquo;engage pour ceux qui essaient de rendre le monde plus juste. Faisons ensemble un travail de paix et encourageons ce qui nous tient \u00e0 c\u0153ur comme message &#8211; pour la qualit\u00e9 de tous les \u00eatres vivants. C&rsquo;est pour cela je suis membre dans les organisations &hellip; <a href=\"https:\/\/welten-institut.de\/fr\/mitgliedschaften\/\" class=\"more-link\">Continuer la lecture de <span class=\"screen-reader-text\">Adh\u00e9sions<\/span><\/a><\/p>\n","protected":false},"author":2,"featured_media":2360,"parent":0,"menu_order":0,"comment_status":"closed","ping_status":"closed","template":"","meta":{"inline_featured_image":false,"footnotes":""},"class_list":["post-16","page","type-page","status-publish","has-post-thumbnail","hentry"],"_links":{"self":[{"href":"https:\/\/welten-institut.de\/fr\/wp-json\/wp\/v2\/pages\/16","targetHints":{"allow":["GET"]}}],"collection":[{"href":"https:\/\/welten-institut.de\/fr\/wp-json\/wp\/v2\/pages"}],"about":[{"href":"https:\/\/welten-institut.de\/fr\/wp-json\/wp\/v2\/types\/page"}],"author":[{"embeddable":true,"href":"https:\/\/welten-institut.de\/fr\/wp-json\/wp\/v2\/users\/2"}],"replies":[{"embeddable":true,"href":"https:\/\/welten-institut.de\/fr\/wp-json\/wp\/v2\/comments?post=16"}],"version-history":[{"count":28,"href":"https:\/\/welten-institut.de\/fr\/wp-json\/wp\/v2\/pages\/16\/revisions"}],"predecessor-version":[{"id":2473,"href":"https:\/\/welten-institut.de\/fr\/wp-json\/wp\/v2\/pages\/16\/revisions\/2473"}],"wp:featuredmedia":[{"embeddable":true,"href":"https:\/\/welten-institut.de\/fr\/wp-json\/wp\/v2\/media\/2360"}],"wp:attachment":[{"href":"https:\/\/welten-institut.de\/fr\/wp-json\/wp\/v2\/media?parent=16"}],"curies":[{"name":"wp","href":"https:\/\/api.w.org\/{rel}","templated":true}]}}