{"id":14,"date":"2019-08-20T14:28:09","date_gmt":"2019-08-20T12:28:09","guid":{"rendered":"http:\/\/welten-institut.de\/de\/?page_id=14"},"modified":"2019-09-26T17:40:56","modified_gmt":"2019-09-26T15:40:56","slug":"buch","status":"publish","type":"page","link":"https:\/\/welten-institut.de\/fr\/buch\/","title":{"rendered":"Livres"},"content":{"rendered":"<h1>Auf der Suche nach Leben &#8212; eine politische Autobiografie<\/h1>\n<figure id=\"attachment_574\" style=\"width: 159px\"  class=\"wp-caption alignnone\"><img loading=\"lazy\" decoding=\"async\" class=\"size-full wp-image-574\" src=\"https:\/\/welten-institut.de\/wp-content\/uploads\/buchcover.2010.jpg\" alt=\"\" width=\"159\" height=\"160\" srcset=\"https:\/\/welten-institut.de\/wp-content\/uploads\/buchcover.2010.jpg 159w, https:\/\/welten-institut.de\/wp-content\/uploads\/buchcover.2010-150x150.jpg 150w\" sizes=\"auto, (max-width: 159px) 100vw, 159px\" \/><figcaption class=\"wp-caption-text\">agenda Verlag<br \/>\u00a0 \u00a0 \u00a0 2010<\/figcaption><\/figure>\n<h3>Zum 30-j\u00e4hrigen Mauerfall 2019: Von Ost nach West<\/h3>\n<p>Auf der Suche nach Leben zwischen Ost und West, von Deutschland aus nach Frankreich, als politisch engagierte Jugendliche, die drei IMs (inoffizielle Mitarbeiter der Staatssicherheit) \u00fcberwachten, darunter auch Minderj\u00e4hrige: Die Reise in die Innenwelt dieses Kindes einer ostdeutschen Widerstandsfamilie ist ebenso packend wie der Zeitzeugenbericht aus einer DDR-Zeit, der vor dem Mauerfall, in den 80er Jahren Einblick in die Kreise der politisch-christlichen Oppositionsbewegung \u201eSchwerter zu Pflugscharen\u201c gibt. Welten erhielt 2010 den 1. Preis f\u00fcr \u00ab\u00a0Pers\u00f6nlichkeit\u00a0\u00bb, ausgeschrieben u.a. vom Zeit-Magazin.<\/p>\n<p><a href=\"http:\/\/www.amazon.de\/s\/ref=nb_sb_noss?__mk_de_DE=\u00c5M\u00c5\u017d\u00d5\u00d1&#038;url=search-alias%3Dstripbooks&#038;field-keywords=Clara+Welten+Auf+der+Suche+nach+Leben\">Buch hier bestellen<\/a> (Die letzten 2 Restposten &#8211; leider nur &#8211; \u00fcber amazon)<\/p>\n<p>&nbsp;<\/p>\n","protected":false},"excerpt":{"rendered":"<p>Auf der Suche nach Leben &#8212; eine politische Autobiografie Zum 30-j\u00e4hrigen Mauerfall 2019: Von Ost nach West Auf der Suche nach Leben zwischen Ost und West, von Deutschland aus nach Frankreich, als politisch engagierte Jugendliche, die drei IMs (inoffizielle Mitarbeiter der Staatssicherheit) \u00fcberwachten, darunter auch Minderj\u00e4hrige: Die Reise in die Innenwelt dieses Kindes einer ostdeutschen &hellip; <a href=\"https:\/\/welten-institut.de\/fr\/buch\/\" class=\"more-link\">Continuer la lecture de <span class=\"screen-reader-text\">Livres<\/span><\/a><\/p>\n","protected":false},"author":2,"featured_media":491,"parent":0,"menu_order":0,"comment_status":"closed","ping_status":"closed","template":"","meta":{"inline_featured_image":false,"footnotes":""},"class_list":["post-14","page","type-page","status-publish","has-post-thumbnail","hentry"],"_links":{"self":[{"href":"https:\/\/welten-institut.de\/fr\/wp-json\/wp\/v2\/pages\/14","targetHints":{"allow":["GET"]}}],"collection":[{"href":"https:\/\/welten-institut.de\/fr\/wp-json\/wp\/v2\/pages"}],"about":[{"href":"https:\/\/welten-institut.de\/fr\/wp-json\/wp\/v2\/types\/page"}],"author":[{"embeddable":true,"href":"https:\/\/welten-institut.de\/fr\/wp-json\/wp\/v2\/users\/2"}],"replies":[{"embeddable":true,"href":"https:\/\/welten-institut.de\/fr\/wp-json\/wp\/v2\/comments?post=14"}],"version-history":[{"count":13,"href":"https:\/\/welten-institut.de\/fr\/wp-json\/wp\/v2\/pages\/14\/revisions"}],"predecessor-version":[{"id":528,"href":"https:\/\/welten-institut.de\/fr\/wp-json\/wp\/v2\/pages\/14\/revisions\/528"}],"wp:featuredmedia":[{"embeddable":true,"href":"https:\/\/welten-institut.de\/fr\/wp-json\/wp\/v2\/media\/491"}],"wp:attachment":[{"href":"https:\/\/welten-institut.de\/fr\/wp-json\/wp\/v2\/media?parent=14"}],"curies":[{"name":"wp","href":"https:\/\/api.w.org\/{rel}","templated":true}]}}