{"id":1232,"date":"2019-11-11T09:52:04","date_gmt":"2019-11-11T08:52:04","guid":{"rendered":"https:\/\/welten-institut.de\/?page_id=1232"},"modified":"2026-03-27T12:36:47","modified_gmt":"2026-03-27T11:36:47","slug":"calendrier","status":"publish","type":"page","link":"https:\/\/welten-institut.de\/fr\/calendrier\/","title":{"rendered":"Calendrier"},"content":{"rendered":"<p>Dimanche 31mai 2026 : atelier <a href=\"https:\/\/welten-institut.de\/fr\/meditation-und-die-kraft-der-mudras-eine-meditations-praxis-zur-ausrichtung-deiner-energie\/\" target=\"_blank\" rel=\"noopener\"><strong>\u00ab M\u00e9ditation et pouvoir des mudras \u2013 une pratique m\u00e9ditative pour canaliser ton \u00e9nergie \u00bb<\/strong><\/a>, de 10 h \u00e0 15 h 30, au centre de pratique et de s\u00e9minaires <a href=\"https:\/\/www.aquariana.de\/\" target=\"_blank\" rel=\"noopener\">Aquariana<\/a>, Berlin.<\/p>\n<p>Lundi, le 04-05.26 au 05.05.26, S\u00e9minaire <strong>\u00ab\u00a0La digitalisation des nos enfants &#8211; vivre ensemble ou co\u00e9xister s\u00e9parement\u00a0\u00bb<\/strong>, \u00e0 G\u00e9n\u00e8ve, EHSS, Haut-Ecole<\/p>\n<p><strong>Atelier <a href=\"https:\/\/welten-institut.de\/fr\/movement-and-meditation-5-rhythmen-und-spiritualitaet\/\" target=\"_blank\" rel=\"noopener\">\u00ab Movement and Meditation &#8211; danse et spiritualit\u00e9\u00a0\u00a0<\/a><\/strong><strong><a href=\"https:\/\/welten-institut.de\/fr\/movement-and-meditation-5-rhythmen-und-spiritualitaet\/\" target=\"_blank\" rel=\"noopener\">\u00bb<\/a><\/strong>, avec Peter et Clara : \u00ab dansons et m\u00e9ditons \u00bb, 10h &#8211; 16h, au <a href=\"https:\/\/noutango.berlin\/\">Nou Tango<\/a>, Berlin &#8211; <strong>Cet \u00e9v\u00e9nement devrait avoir lieu \u00e0 l&rsquo;\u00e9t\u00e9 2026<\/strong><\/p>\n<p><strong>S\u00e9ance th\u00e9rapeutique \u00e0 Munich!<\/strong> Chaque 1. samedi du mois &#8211; th\u00e9rapie en allemand et en francais. Prenez contact avec moi en avance, s.v.p.<\/p>\n<p><a href=\"https:\/\/welten-institut.de\/ausbildung\/\" target=\"_blank\" rel=\"noopener\"><strong>Formation en th\u00e9rapie int\u00e9grative : L&rsquo;accompagnement psycho-spirituel de l&rsquo;\u00e2me <\/strong><\/a>&#8211; depuis 10. 24<\/p>\n<p><a href=\"https:\/\/www.youtube.com\/watch?v=CY-nfS2NhFc\" target=\"_blank\" rel=\"noopener\"><strong>Podcast \u00ab\u00a0Anders-sein ist (d)eine Kraft und kein Mangel!\u00a0\u00bb<\/strong><\/a> &#8211; sur la cha\u00eene YouTube \u00ab\u00a0Clara Welten\u00a0\u00bb<\/p>\n<p>&nbsp;<\/p>\n<p>&nbsp;<\/p>\n<p>&nbsp;<\/p>\n<p>&nbsp;<\/p>\n","protected":false},"excerpt":{"rendered":"<p>Dimanche 31mai 2026 : atelier \u00ab M\u00e9ditation et pouvoir des mudras \u2013 une pratique m\u00e9ditative pour canaliser ton \u00e9nergie \u00bb, de 10 h \u00e0 15 h 30, au centre de pratique et de s\u00e9minaires Aquariana, Berlin. Lundi, le 04-05.26 au 05.05.26, S\u00e9minaire \u00ab\u00a0La digitalisation des nos enfants &#8211; vivre ensemble ou co\u00e9xister s\u00e9parement\u00a0\u00bb, \u00e0 G\u00e9n\u00e8ve, &hellip; <a href=\"https:\/\/welten-institut.de\/fr\/calendrier\/\" class=\"more-link\">Continuer la lecture de <span class=\"screen-reader-text\">Calendrier<\/span><\/a><\/p>\n","protected":false},"author":2,"featured_media":2396,"parent":0,"menu_order":0,"comment_status":"closed","ping_status":"closed","template":"","meta":{"inline_featured_image":false,"footnotes":""},"class_list":["post-1232","page","type-page","status-publish","has-post-thumbnail","hentry"],"_links":{"self":[{"href":"https:\/\/welten-institut.de\/fr\/wp-json\/wp\/v2\/pages\/1232","targetHints":{"allow":["GET"]}}],"collection":[{"href":"https:\/\/welten-institut.de\/fr\/wp-json\/wp\/v2\/pages"}],"about":[{"href":"https:\/\/welten-institut.de\/fr\/wp-json\/wp\/v2\/types\/page"}],"author":[{"embeddable":true,"href":"https:\/\/welten-institut.de\/fr\/wp-json\/wp\/v2\/users\/2"}],"replies":[{"embeddable":true,"href":"https:\/\/welten-institut.de\/fr\/wp-json\/wp\/v2\/comments?post=1232"}],"version-history":[{"count":118,"href":"https:\/\/welten-institut.de\/fr\/wp-json\/wp\/v2\/pages\/1232\/revisions"}],"predecessor-version":[{"id":2826,"href":"https:\/\/welten-institut.de\/fr\/wp-json\/wp\/v2\/pages\/1232\/revisions\/2826"}],"wp:featuredmedia":[{"embeddable":true,"href":"https:\/\/welten-institut.de\/fr\/wp-json\/wp\/v2\/media\/2396"}],"wp:attachment":[{"href":"https:\/\/welten-institut.de\/fr\/wp-json\/wp\/v2\/media?parent=1232"}],"curies":[{"name":"wp","href":"https:\/\/api.w.org\/{rel}","templated":true}]}}